{"id":5770,"date":"2025-03-26T01:39:54","date_gmt":"2025-03-26T00:39:54","guid":{"rendered":"https:\/\/leclosdelavigne.com\/?page_id=5770"},"modified":"2025-04-17T14:16:31","modified_gmt":"2025-04-17T12:16:31","slug":"achat-de-vins","status":"publish","type":"page","link":"https:\/\/leclosdelavigne.com\/en\/achat-de-vins\/","title":{"rendered":"Achat de vins"},"content":{"rendered":"<div data-elementor-type=\"wp-page\" data-elementor-id=\"5770\" class=\"elementor elementor-5770\">\n\t\t\t\t\t\t<section class=\"elementor-section elementor-top-section elementor-element elementor-element-c2e07c1 elementor-section-boxed elementor-section-gap-beside-yes elementor-section-height-default elementor-section-height-default elementor-section-column-vertical-align-stretch\" data-id=\"c2e07c1\" data-element_type=\"section\">\n\t\t\t\t\t\t<div class=\"elementor-container elementor-column-gap-extended\">\n\t\t\t\t\t<div class=\"elementor-column elementor-col-100 elementor-top-column elementor-element elementor-element-db4f845\" data-id=\"db4f845\" data-element_type=\"column\">\n\t\t\t<div class=\"elementor-widget-wrap elementor-element-populated\">\n\t\t\t\t\t\t<div class=\"elementor-element elementor-element-91cc9f1 elementor-invisible elementor-widget elementor-widget-nuss-heading\" data-id=\"91cc9f1\" data-element_type=\"widget\" data-settings=\"{&quot;_animation&quot;:&quot;nussFadeInUp&quot;}\" data-widget_type=\"nuss-heading.default\">\n\t\t\t\t<div class=\"elementor-widget-container\">\n\t\t\t\t\t<div class=\"nuss-modern-heading\">\r\n\t\t\t\t\t<div class=\"heading-secondary-wrap\">\r\n\t\t\t<span class=\"heading-secondary elementor-heading-title\">Ch\u00e2teau Puech-Haut<\/span>\t\t<\/div>\r\n\t\t\r\n\t\t\t\t\t<div class=\"heading-primary-wrap\">\r\n\t\t\t<h3 class=\"heading-primary elementor-heading-title\">Repr\u00e9sentant exclusive en C\u00f4te d'ivoire<\/h3>\t\t<\/div>\r\n\t\t\r\n\t\t\t\r\n\t\t\t\t\t<\/div>\r\n\t\t\t\t<\/div>\n\t\t\t\t<\/div>\n\t\t\t\t<section class=\"elementor-section elementor-inner-section elementor-element elementor-element-e0c7615 elementor-section-boxed elementor-section-gap-beside-yes elementor-section-height-default elementor-section-height-default elementor-section-column-vertical-align-stretch\" data-id=\"e0c7615\" data-element_type=\"section\">\n\t\t\t\t\t\t<div class=\"elementor-container elementor-column-gap-extended\">\n\t\t\t\t\t<div class=\"elementor-column elementor-col-33 elementor-inner-column elementor-element elementor-element-49af207\" data-id=\"49af207\" data-element_type=\"column\">\n\t\t\t<div class=\"elementor-widget-wrap elementor-element-populated\">\n\t\t\t\t\t\t<div class=\"elementor-element elementor-element-e7a0689 elementor-widget elementor-widget-nuss-image-box\" data-id=\"e7a0689\" data-element_type=\"widget\" data-widget_type=\"nuss-image-box.default\">\n\t\t\t\t<div class=\"elementor-widget-container\">\n\t\t\t\t\t<div class=\"nuss-image-box nuss-box style-01 image-position-top content-alignment-\">\t\t<div class=\"content-wrap\">\r\n\r\n\t\t\t\t\t\t\t<div class=\"nuss-image image\">\r\n\t\t\t\t\t<img decoding=\"async\"  src=\"https:\/\/leclosdelavigne.com\/wp-content\/uploads\/2025\/03\/vin_argali_blanc.webp\" alt=\"vin_argali_blanc\" \/>\t\t\t\t<\/div>\r\n\t\t\t\r\n\t\t\t<div class=\"content\">\r\n\t\t\t\t<h3 class=\"title\">ARGALI BLANC 2022<\/h3>\r\n\t\t\t\t\r\n\t\t\t\t\t\t\t<\/div>\r\n\r\n\t\t<\/div>\r\n\t\t<\/div>\t\t\t\t<\/div>\n\t\t\t\t<\/div>\n\t\t\t\t<div class=\"elementor-element elementor-element-52233df elementor-align-center elementor-invisible elementor-widget elementor-widget-nuss-button\" data-id=\"52233df\" data-element_type=\"widget\" data-settings=\"{&quot;_animation&quot;:&quot;nussFadeInUp&quot;}\" data-widget_type=\"nuss-button.default\">\n\t\t\t\t<div class=\"elementor-widget-container\">\n\t\t\t\t\t<div class=\"nuss-ele-button-wrapper\">\r\n\t\t\t<a href=\"https:\/\/leclosdelavigne.com\/produit\/argali-blanc-2022\/\" class=\"nuss-ele-button-link nuss-ele-button style-thick-border nuss-ele-button-nm\" role=\"button\">\r\n\t\t\t\t\t\t<div class=\"button-content-wrapper\">\r\n\t\t\t\r\n\t\t\t\t\t\t\t<span class=\"button-text\">Commander<\/span>\r\n\t\t\t\r\n\t\t\t\t\t<\/div>\r\n\t\t\r\n\t\t\t\t\t\t\t<\/a>\r\n\t\t<\/div>\r\n\t\t\t\t<\/div>\n\t\t\t\t<\/div>\n\t\t\t\t\t<\/div>\n\t\t<\/div>\n\t\t\t\t<div class=\"elementor-column elementor-col-33 elementor-inner-column elementor-element elementor-element-30fb5b0\" data-id=\"30fb5b0\" data-element_type=\"column\">\n\t\t\t<div class=\"elementor-widget-wrap elementor-element-populated\">\n\t\t\t\t\t\t<div class=\"elementor-element elementor-element-04ff2ec elementor-widget elementor-widget-nuss-image-box\" data-id=\"04ff2ec\" data-element_type=\"widget\" data-widget_type=\"nuss-image-box.default\">\n\t\t\t\t<div class=\"elementor-widget-container\">\n\t\t\t\t\t<div class=\"nuss-image-box nuss-box style-01 image-position-top content-alignment-\">\t\t<div class=\"content-wrap\">\r\n\r\n\t\t\t\t\t\t\t<div class=\"nuss-image image\">\r\n\t\t\t\t\t<img decoding=\"async\"  src=\"https:\/\/leclosdelavigne.com\/wp-content\/uploads\/2025\/03\/vin_argali_rosa_2023.webp\" alt=\"vin_argali_rosa_2023\" \/>\t\t\t\t<\/div>\r\n\t\t\t\r\n\t\t\t<div class=\"content\">\r\n\t\t\t\t<h3 class=\"title\">ARGALI ROSA 2023<\/h3>\r\n\t\t\t\t\r\n\t\t\t\t\t\t\t<\/div>\r\n\r\n\t\t<\/div>\r\n\t\t<\/div>\t\t\t\t<\/div>\n\t\t\t\t<\/div>\n\t\t\t\t<div class=\"elementor-element elementor-element-7eb7d69 elementor-align-center elementor-invisible elementor-widget elementor-widget-nuss-button\" data-id=\"7eb7d69\" data-element_type=\"widget\" data-settings=\"{&quot;_animation&quot;:&quot;nussFadeInUp&quot;}\" data-widget_type=\"nuss-button.default\">\n\t\t\t\t<div class=\"elementor-widget-container\">\n\t\t\t\t\t<div class=\"nuss-ele-button-wrapper\">\r\n\t\t\t<a href=\"https:\/\/leclosdelavigne.com\/produit\/argali-rosa-2023\/\" class=\"nuss-ele-button-link nuss-ele-button style-thick-border nuss-ele-button-nm\" role=\"button\">\r\n\t\t\t\t\t\t<div class=\"button-content-wrapper\">\r\n\t\t\t\r\n\t\t\t\t\t\t\t<span class=\"button-text\">Commander<\/span>\r\n\t\t\t\r\n\t\t\t\t\t<\/div>\r\n\t\t\r\n\t\t\t\t\t\t\t<\/a>\r\n\t\t<\/div>\r\n\t\t\t\t<\/div>\n\t\t\t\t<\/div>\n\t\t\t\t\t<\/div>\n\t\t<\/div>\n\t\t\t\t<div class=\"elementor-column elementor-col-33 elementor-inner-column elementor-element elementor-element-f9a4670\" data-id=\"f9a4670\" data-element_type=\"column\">\n\t\t\t<div class=\"elementor-widget-wrap elementor-element-populated\">\n\t\t\t\t\t\t<div class=\"elementor-element elementor-element-dac9acb elementor-widget elementor-widget-nuss-image-box\" data-id=\"dac9acb\" data-element_type=\"widget\" data-widget_type=\"nuss-image-box.default\">\n\t\t\t\t<div class=\"elementor-widget-container\">\n\t\t\t\t\t<div class=\"nuss-image-box nuss-box style-01 image-position-top content-alignment-\">\t\t<div class=\"content-wrap\">\r\n\r\n\t\t\t\t\t\t\t<div class=\"nuss-image image\">\r\n\t\t\t\t\t<img decoding=\"async\"  src=\"https:\/\/leclosdelavigne.com\/wp-content\/uploads\/2025\/03\/vin_argali_rouge_2021.webp\" alt=\"vin_argali_rouge_2021\" \/>\t\t\t\t<\/div>\r\n\t\t\t\r\n\t\t\t<div class=\"content\">\r\n\t\t\t\t<h3 class=\"title\">ARGALI ROUGE 2021<\/h3>\r\n\t\t\t\t\r\n\t\t\t\t\t\t\t<\/div>\r\n\r\n\t\t<\/div>\r\n\t\t<\/div>\t\t\t\t<\/div>\n\t\t\t\t<\/div>\n\t\t\t\t<div class=\"elementor-element elementor-element-0d4cdc5 elementor-align-center elementor-invisible elementor-widget elementor-widget-nuss-button\" data-id=\"0d4cdc5\" data-element_type=\"widget\" data-settings=\"{&quot;_animation&quot;:&quot;nussFadeInUp&quot;}\" data-widget_type=\"nuss-button.default\">\n\t\t\t\t<div class=\"elementor-widget-container\">\n\t\t\t\t\t<div class=\"nuss-ele-button-wrapper\">\r\n\t\t\t<a href=\"https:\/\/leclosdelavigne.com\/produit\/argali-rouge-2021\/\" class=\"nuss-ele-button-link nuss-ele-button style-thick-border nuss-ele-button-nm\" role=\"button\">\r\n\t\t\t\t\t\t<div class=\"button-content-wrapper\">\r\n\t\t\t\r\n\t\t\t\t\t\t\t<span class=\"button-text\">Commander<\/span>\r\n\t\t\t\r\n\t\t\t\t\t<\/div>\r\n\t\t\r\n\t\t\t\t\t\t\t<\/a>\r\n\t\t<\/div>\r\n\t\t\t\t<\/div>\n\t\t\t\t<\/div>\n\t\t\t\t\t<\/div>\n\t\t<\/div>\n\t\t\t\t\t<\/div>\n\t\t<\/section>\n\t\t\t\t<section class=\"elementor-section elementor-inner-section elementor-element elementor-element-3b2291d elementor-section-boxed elementor-section-gap-beside-yes elementor-section-height-default elementor-section-height-default elementor-section-column-vertical-align-stretch\" data-id=\"3b2291d\" data-element_type=\"section\">\n\t\t\t\t\t\t<div class=\"elementor-container elementor-column-gap-extended\">\n\t\t\t\t\t<div class=\"elementor-column elementor-col-33 elementor-inner-column elementor-element elementor-element-a7da672\" data-id=\"a7da672\" data-element_type=\"column\">\n\t\t\t<div class=\"elementor-widget-wrap elementor-element-populated\">\n\t\t\t\t\t\t<div class=\"elementor-element elementor-element-f8cf24c elementor-widget elementor-widget-nuss-image-box\" data-id=\"f8cf24c\" data-element_type=\"widget\" data-widget_type=\"nuss-image-box.default\">\n\t\t\t\t<div class=\"elementor-widget-container\">\n\t\t\t\t\t<div class=\"nuss-image-box nuss-box style-01 image-position-top content-alignment-\">\t\t<div class=\"content-wrap\">\r\n\r\n\t\t\t\t\t\t\t<div class=\"nuss-image image\">\r\n\t\t\t\t\t<img decoding=\"async\"  src=\"https:\/\/leclosdelavigne.com\/wp-content\/uploads\/2025\/03\/prestige_blanc_2022.webp\" alt=\"prestige_blanc_2022\" \/>\t\t\t\t<\/div>\r\n\t\t\t\r\n\t\t\t<div class=\"content\">\r\n\t\t\t\t<h3 class=\"title\">PRESTIGE BLANC 2022<\/h3>\r\n\t\t\t\t\r\n\t\t\t\t\t\t\t<\/div>\r\n\r\n\t\t<\/div>\r\n\t\t<\/div>\t\t\t\t<\/div>\n\t\t\t\t<\/div>\n\t\t\t\t<div class=\"elementor-element elementor-element-303772d elementor-align-center elementor-invisible elementor-widget elementor-widget-nuss-button\" data-id=\"303772d\" data-element_type=\"widget\" data-settings=\"{&quot;_animation&quot;:&quot;nussFadeInUp&quot;}\" data-widget_type=\"nuss-button.default\">\n\t\t\t\t<div class=\"elementor-widget-container\">\n\t\t\t\t\t<div class=\"nuss-ele-button-wrapper\">\r\n\t\t\t<a href=\"https:\/\/leclosdelavigne.com\/produit\/prestige-blanc-2022\/\" class=\"nuss-ele-button-link nuss-ele-button style-thick-border nuss-ele-button-nm\" role=\"button\">\r\n\t\t\t\t\t\t<div class=\"button-content-wrapper\">\r\n\t\t\t\r\n\t\t\t\t\t\t\t<span class=\"button-text\">Commander<\/span>\r\n\t\t\t\r\n\t\t\t\t\t<\/div>\r\n\t\t\r\n\t\t\t\t\t\t\t<\/a>\r\n\t\t<\/div>\r\n\t\t\t\t<\/div>\n\t\t\t\t<\/div>\n\t\t\t\t\t<\/div>\n\t\t<\/div>\n\t\t\t\t<div class=\"elementor-column elementor-col-33 elementor-inner-column elementor-element elementor-element-62ecc75\" data-id=\"62ecc75\" data-element_type=\"column\">\n\t\t\t<div class=\"elementor-widget-wrap elementor-element-populated\">\n\t\t\t\t\t\t<div class=\"elementor-element elementor-element-62ee106 elementor-widget elementor-widget-nuss-image-box\" data-id=\"62ee106\" data-element_type=\"widget\" data-widget_type=\"nuss-image-box.default\">\n\t\t\t\t<div class=\"elementor-widget-container\">\n\t\t\t\t\t<div class=\"nuss-image-box nuss-box style-01 image-position-top content-alignment-\">\t\t<div class=\"content-wrap\">\r\n\r\n\t\t\t\t\t\t\t<div class=\"nuss-image image\">\r\n\t\t\t\t\t<img decoding=\"async\"  src=\"https:\/\/leclosdelavigne.com\/wp-content\/uploads\/2025\/03\/prestige_rouge_2022.webp\" alt=\"prestige_rouge_2022\" \/>\t\t\t\t<\/div>\r\n\t\t\t\r\n\t\t\t<div class=\"content\">\r\n\t\t\t\t<h3 class=\"title\">PRESTIGE ROUGE 2021<\/h3>\r\n\t\t\t\t\r\n\t\t\t\t\t\t\t<\/div>\r\n\r\n\t\t<\/div>\r\n\t\t<\/div>\t\t\t\t<\/div>\n\t\t\t\t<\/div>\n\t\t\t\t<div class=\"elementor-element elementor-element-f423e7e elementor-align-center elementor-invisible elementor-widget elementor-widget-nuss-button\" data-id=\"f423e7e\" data-element_type=\"widget\" data-settings=\"{&quot;_animation&quot;:&quot;nussFadeInUp&quot;}\" data-widget_type=\"nuss-button.default\">\n\t\t\t\t<div class=\"elementor-widget-container\">\n\t\t\t\t\t<div class=\"nuss-ele-button-wrapper\">\r\n\t\t\t<a href=\"https:\/\/leclosdelavigne.com\/produit\/argali-rosa-2023\/\" class=\"nuss-ele-button-link nuss-ele-button style-thick-border nuss-ele-button-nm\" role=\"button\">\r\n\t\t\t\t\t\t<div class=\"button-content-wrapper\">\r\n\t\t\t\r\n\t\t\t\t\t\t\t<span class=\"button-text\">Commander<\/span>\r\n\t\t\t\r\n\t\t\t\t\t<\/div>\r\n\t\t\r\n\t\t\t\t\t\t\t<\/a>\r\n\t\t<\/div>\r\n\t\t\t\t<\/div>\n\t\t\t\t<\/div>\n\t\t\t\t\t<\/div>\n\t\t<\/div>\n\t\t\t\t<div class=\"elementor-column elementor-col-33 elementor-inner-column elementor-element elementor-element-d31ac88\" data-id=\"d31ac88\" data-element_type=\"column\">\n\t\t\t<div class=\"elementor-widget-wrap elementor-element-populated\">\n\t\t\t\t\t\t<div class=\"elementor-element elementor-element-f212d3a elementor-widget elementor-widget-nuss-image-box\" data-id=\"f212d3a\" data-element_type=\"widget\" data-widget_type=\"nuss-image-box.default\">\n\t\t\t\t<div class=\"elementor-widget-container\">\n\t\t\t\t\t<div class=\"nuss-image-box nuss-box style-01 image-position-top content-alignment-\">\t\t<div class=\"content-wrap\">\r\n\r\n\t\t\t\t\t\t\t<div class=\"nuss-image image\">\r\n\t\t\t\t\t<img decoding=\"async\"  src=\"https:\/\/leclosdelavigne.com\/wp-content\/uploads\/2025\/03\/tb_2021.webp\" alt=\"tb_2021\" \/>\t\t\t\t<\/div>\r\n\t\t\t\r\n\t\t\t<div class=\"content\">\r\n\t\t\t\t<h3 class=\"title\">T\u00caTE DE B\u00c9LIER 2021<\/h3>\r\n\t\t\t\t\r\n\t\t\t\t\t\t\t<\/div>\r\n\r\n\t\t<\/div>\r\n\t\t<\/div>\t\t\t\t<\/div>\n\t\t\t\t<\/div>\n\t\t\t\t<div class=\"elementor-element elementor-element-1c3973a elementor-align-center elementor-invisible elementor-widget elementor-widget-nuss-button\" data-id=\"1c3973a\" data-element_type=\"widget\" data-settings=\"{&quot;_animation&quot;:&quot;nussFadeInUp&quot;}\" data-widget_type=\"nuss-button.default\">\n\t\t\t\t<div class=\"elementor-widget-container\">\n\t\t\t\t\t<div class=\"nuss-ele-button-wrapper\">\r\n\t\t\t<a href=\"https:\/\/leclosdelavigne.com\/produit\/tete-de-belier-2021\/\" class=\"nuss-ele-button-link nuss-ele-button style-thick-border nuss-ele-button-nm\" role=\"button\">\r\n\t\t\t\t\t\t<div class=\"button-content-wrapper\">\r\n\t\t\t\r\n\t\t\t\t\t\t\t<span class=\"button-text\">Commander<\/span>\r\n\t\t\t\r\n\t\t\t\t\t<\/div>\r\n\t\t\r\n\t\t\t\t\t\t\t<\/a>\r\n\t\t<\/div>\r\n\t\t\t\t<\/div>\n\t\t\t\t<\/div>\n\t\t\t\t\t<\/div>\n\t\t<\/div>\n\t\t\t\t\t<\/div>\n\t\t<\/section>\n\t\t\t\t\t<\/div>\n\t\t<\/div>\n\t\t\t\t\t<\/div>\n\t\t<\/section>\n\t\t\t\t<\/div>","protected":false},"excerpt":{"rendered":"<p>Ch\u00e2teau Puech-Haut Repr\u00e9sentant exclusive en C\u00f4te d&rsquo;ivoire ARGALI BLANC 2022 Commander ARGALI ROSA 2023 Commander ARGALI ROUGE 2021 Commander PRESTIGE BLANC 2022 Commander PRESTIGE ROUGE 2021 Commander T\u00caTE DE B\u00c9LIER 2021 Commander<\/p>","protected":false},"author":1,"featured_media":0,"parent":0,"menu_order":0,"comment_status":"closed","ping_status":"closed","template":"elementor_header_footer","meta":{"footnotes":""},"class_list":["post-5770","page","type-page","status-publish","hentry","post-no-thumbnail"],"yoast_head":"<!-- This site is optimized with the Yoast SEO plugin v24.9 - https:\/\/yoast.com\/wordpress\/plugins\/seo\/ -->\n<title>Achat de vins - Le clos de la vigne<\/title>\n<meta name=\"description\" content=\"Le clos de la vigne est le repr\u00e9sentant de Ch\u00e2teau Puech-Haut en C\u00f4te d&#039;Ivoire, vente et d\u00e9gustation de vin.\" \/>\n<meta name=\"robots\" content=\"index, follow, max-snippet:-1, max-image-preview:large, max-video-preview:-1\" \/>\n<link rel=\"canonical\" href=\"https:\/\/leclosdelavigne.com\/en\/achat-de-vins\/\" \/>\n<meta property=\"og:locale\" content=\"en_US\" \/>\n<meta property=\"og:type\" content=\"article\" \/>\n<meta property=\"og:title\" content=\"Achat de vins - Le clos de la vigne\" \/>\n<meta property=\"og:description\" content=\"Le clos de la vigne est le repr\u00e9sentant de Ch\u00e2teau Puech-Haut en C\u00f4te d&#039;Ivoire, vente et d\u00e9gustation de vin.\" \/>\n<meta property=\"og:url\" content=\"https:\/\/leclosdelavigne.com\/en\/achat-de-vins\/\" \/>\n<meta property=\"og:site_name\" content=\"Le clos de la vigne\" \/>\n<meta property=\"article:publisher\" content=\"https:\/\/www.facebook.com\/share\/1AFxAqwxQt\/?mibextid=wwXIfr\" \/>\n<meta property=\"article:modified_time\" content=\"2025-04-17T12:16:31+00:00\" \/>\n<meta property=\"og:image\" content=\"https:\/\/leclosdelavigne.com\/wp-content\/uploads\/2025\/03\/vin_argali_blanc.webp\" \/>\n<meta name=\"twitter:card\" content=\"summary_large_image\" \/>\n<meta name=\"twitter:label1\" content=\"Est. reading time\" \/>\n\t<meta name=\"twitter:data1\" content=\"2 minutes\" \/>\n<script type=\"application\/ld+json\" class=\"yoast-schema-graph\">{\"@context\":\"https:\/\/schema.org\",\"@graph\":[{\"@type\":\"WebPage\",\"@id\":\"https:\/\/leclosdelavigne.com\/achat-de-vins\/\",\"url\":\"https:\/\/leclosdelavigne.com\/achat-de-vins\/\",\"name\":\"Achat de vins - Le clos de la vigne\",\"isPartOf\":{\"@id\":\"https:\/\/leclosdelavigne.com\/#website\"},\"primaryImageOfPage\":{\"@id\":\"https:\/\/leclosdelavigne.com\/achat-de-vins\/#primaryimage\"},\"image\":{\"@id\":\"https:\/\/leclosdelavigne.com\/achat-de-vins\/#primaryimage\"},\"thumbnailUrl\":\"https:\/\/leclosdelavigne.com\/wp-content\/uploads\/2025\/03\/vin_argali_blanc.webp\",\"datePublished\":\"2025-03-26T00:39:54+00:00\",\"dateModified\":\"2025-04-17T12:16:31+00:00\",\"description\":\"Le clos de la vigne est le repr\u00e9sentant de Ch\u00e2teau Puech-Haut en C\u00f4te d'Ivoire, vente et d\u00e9gustation de vin.\",\"breadcrumb\":{\"@id\":\"https:\/\/leclosdelavigne.com\/achat-de-vins\/#breadcrumb\"},\"inLanguage\":\"en-US\",\"potentialAction\":[{\"@type\":\"ReadAction\",\"target\":[\"https:\/\/leclosdelavigne.com\/achat-de-vins\/\"]}]},{\"@type\":\"ImageObject\",\"inLanguage\":\"en-US\",\"@id\":\"https:\/\/leclosdelavigne.com\/achat-de-vins\/#primaryimage\",\"url\":\"https:\/\/leclosdelavigne.com\/wp-content\/uploads\/2025\/03\/vin_argali_blanc.webp\",\"contentUrl\":\"https:\/\/leclosdelavigne.com\/wp-content\/uploads\/2025\/03\/vin_argali_blanc.webp\"},{\"@type\":\"BreadcrumbList\",\"@id\":\"https:\/\/leclosdelavigne.com\/achat-de-vins\/#breadcrumb\",\"itemListElement\":[{\"@type\":\"ListItem\",\"position\":1,\"name\":\"Accueil\",\"item\":\"https:\/\/leclosdelavigne.com\/\"},{\"@type\":\"ListItem\",\"position\":2,\"name\":\"Achat de vins\"}]},{\"@type\":\"WebSite\",\"@id\":\"https:\/\/leclosdelavigne.com\/#website\",\"url\":\"https:\/\/leclosdelavigne.com\/\",\"name\":\"Le clos de la vigne\",\"description\":\"R\u00e9sidence - H\u00e9bergement - Restauration\",\"publisher\":{\"@id\":\"https:\/\/leclosdelavigne.com\/#organization\"},\"alternateName\":\"LeClosDeLaVigne\",\"potentialAction\":[{\"@type\":\"SearchAction\",\"target\":{\"@type\":\"EntryPoint\",\"urlTemplate\":\"https:\/\/leclosdelavigne.com\/?s={search_term_string}\"},\"query-input\":{\"@type\":\"PropertyValueSpecification\",\"valueRequired\":true,\"valueName\":\"search_term_string\"}}],\"inLanguage\":\"en-US\"},{\"@type\":\"Organization\",\"@id\":\"https:\/\/leclosdelavigne.com\/#organization\",\"name\":\"Le clos de la vigne\",\"alternateName\":\"LeClosDeLaVigne\",\"url\":\"https:\/\/leclosdelavigne.com\/\",\"logo\":{\"@type\":\"ImageObject\",\"inLanguage\":\"en-US\",\"@id\":\"https:\/\/leclosdelavigne.com\/#\/schema\/logo\/image\/\",\"url\":\"https:\/\/leclosdelavigne.com\/wp-content\/uploads\/2025\/04\/nv_logo_cdlv.jpeg\",\"contentUrl\":\"https:\/\/leclosdelavigne.com\/wp-content\/uploads\/2025\/04\/nv_logo_cdlv.jpeg\",\"width\":834,\"height\":381,\"caption\":\"Le clos de la vigne\"},\"image\":{\"@id\":\"https:\/\/leclosdelavigne.com\/#\/schema\/logo\/image\/\"},\"sameAs\":[\"https:\/\/www.facebook.com\/share\/1AFxAqwxQt\/?mibextid=wwXIfr\"]}]}<\/script>\n<!-- \/ Yoast SEO plugin. -->","yoast_head_json":{"title":"Achat de vins - Le clos de la vigne","description":"Le clos de la vigne est le repr\u00e9sentant de Ch\u00e2teau Puech-Haut en C\u00f4te d'Ivoire, vente et d\u00e9gustation de vin.","robots":{"index":"index","follow":"follow","max-snippet":"max-snippet:-1","max-image-preview":"max-image-preview:large","max-video-preview":"max-video-preview:-1"},"canonical":"https:\/\/leclosdelavigne.com\/en\/achat-de-vins\/","og_locale":"en_US","og_type":"article","og_title":"Achat de vins - Le clos de la vigne","og_description":"Le clos de la vigne est le repr\u00e9sentant de Ch\u00e2teau Puech-Haut en C\u00f4te d'Ivoire, vente et d\u00e9gustation de vin.","og_url":"https:\/\/leclosdelavigne.com\/en\/achat-de-vins\/","og_site_name":"Le clos de la vigne","article_publisher":"https:\/\/www.facebook.com\/share\/1AFxAqwxQt\/?mibextid=wwXIfr","article_modified_time":"2025-04-17T12:16:31+00:00","og_image":[{"url":"https:\/\/leclosdelavigne.com\/wp-content\/uploads\/2025\/03\/vin_argali_blanc.webp","type":"","width":"","height":""}],"twitter_card":"summary_large_image","twitter_misc":{"Est. reading time":"2 minutes"},"schema":{"@context":"https:\/\/schema.org","@graph":[{"@type":"WebPage","@id":"https:\/\/leclosdelavigne.com\/achat-de-vins\/","url":"https:\/\/leclosdelavigne.com\/achat-de-vins\/","name":"Achat de vins - Le clos de la vigne","isPartOf":{"@id":"https:\/\/leclosdelavigne.com\/#website"},"primaryImageOfPage":{"@id":"https:\/\/leclosdelavigne.com\/achat-de-vins\/#primaryimage"},"image":{"@id":"https:\/\/leclosdelavigne.com\/achat-de-vins\/#primaryimage"},"thumbnailUrl":"https:\/\/leclosdelavigne.com\/wp-content\/uploads\/2025\/03\/vin_argali_blanc.webp","datePublished":"2025-03-26T00:39:54+00:00","dateModified":"2025-04-17T12:16:31+00:00","description":"Le clos de la vigne est le repr\u00e9sentant de Ch\u00e2teau Puech-Haut en C\u00f4te d'Ivoire, vente et d\u00e9gustation de vin.","breadcrumb":{"@id":"https:\/\/leclosdelavigne.com\/achat-de-vins\/#breadcrumb"},"inLanguage":"en-US","potentialAction":[{"@type":"ReadAction","target":["https:\/\/leclosdelavigne.com\/achat-de-vins\/"]}]},{"@type":"ImageObject","inLanguage":"en-US","@id":"https:\/\/leclosdelavigne.com\/achat-de-vins\/#primaryimage","url":"https:\/\/leclosdelavigne.com\/wp-content\/uploads\/2025\/03\/vin_argali_blanc.webp","contentUrl":"https:\/\/leclosdelavigne.com\/wp-content\/uploads\/2025\/03\/vin_argali_blanc.webp"},{"@type":"BreadcrumbList","@id":"https:\/\/leclosdelavigne.com\/achat-de-vins\/#breadcrumb","itemListElement":[{"@type":"ListItem","position":1,"name":"Accueil","item":"https:\/\/leclosdelavigne.com\/"},{"@type":"ListItem","position":2,"name":"Achat de vins"}]},{"@type":"WebSite","@id":"https:\/\/leclosdelavigne.com\/#website","url":"https:\/\/leclosdelavigne.com\/","name":"Le clos de la vigne","description":"R\u00e9sidence - H\u00e9bergement - Restauration","publisher":{"@id":"https:\/\/leclosdelavigne.com\/#organization"},"alternateName":"LeClosDeLaVigne","potentialAction":[{"@type":"SearchAction","target":{"@type":"EntryPoint","urlTemplate":"https:\/\/leclosdelavigne.com\/?s={search_term_string}"},"query-input":{"@type":"PropertyValueSpecification","valueRequired":true,"valueName":"search_term_string"}}],"inLanguage":"en-US"},{"@type":"Organization","@id":"https:\/\/leclosdelavigne.com\/#organization","name":"Le clos de la vigne","alternateName":"LeClosDeLaVigne","url":"https:\/\/leclosdelavigne.com\/","logo":{"@type":"ImageObject","inLanguage":"en-US","@id":"https:\/\/leclosdelavigne.com\/#\/schema\/logo\/image\/","url":"https:\/\/leclosdelavigne.com\/wp-content\/uploads\/2025\/04\/nv_logo_cdlv.jpeg","contentUrl":"https:\/\/leclosdelavigne.com\/wp-content\/uploads\/2025\/04\/nv_logo_cdlv.jpeg","width":834,"height":381,"caption":"Le clos de la vigne"},"image":{"@id":"https:\/\/leclosdelavigne.com\/#\/schema\/logo\/image\/"},"sameAs":["https:\/\/www.facebook.com\/share\/1AFxAqwxQt\/?mibextid=wwXIfr"]}]}},"_links":{"self":[{"href":"https:\/\/leclosdelavigne.com\/en\/wp-json\/wp\/v2\/pages\/5770","targetHints":{"allow":["GET"]}}],"collection":[{"href":"https:\/\/leclosdelavigne.com\/en\/wp-json\/wp\/v2\/pages"}],"about":[{"href":"https:\/\/leclosdelavigne.com\/en\/wp-json\/wp\/v2\/types\/page"}],"author":[{"embeddable":true,"href":"https:\/\/leclosdelavigne.com\/en\/wp-json\/wp\/v2\/users\/1"}],"replies":[{"embeddable":true,"href":"https:\/\/leclosdelavigne.com\/en\/wp-json\/wp\/v2\/comments?post=5770"}],"version-history":[{"count":30,"href":"https:\/\/leclosdelavigne.com\/en\/wp-json\/wp\/v2\/pages\/5770\/revisions"}],"predecessor-version":[{"id":6435,"href":"https:\/\/leclosdelavigne.com\/en\/wp-json\/wp\/v2\/pages\/5770\/revisions\/6435"}],"wp:attachment":[{"href":"https:\/\/leclosdelavigne.com\/en\/wp-json\/wp\/v2\/media?parent=5770"}],"curies":[{"name":"wp","href":"https:\/\/api.w.org\/{rel}","templated":true}]}}