{"id":5972,"date":"2025-03-27T01:05:22","date_gmt":"2025-03-27T00:05:22","guid":{"rendered":"https:\/\/leclosdelavigne.com\/?page_id=5972"},"modified":"2025-04-17T14:13:02","modified_gmt":"2025-04-17T12:13:02","slug":"contacts","status":"publish","type":"page","link":"https:\/\/leclosdelavigne.com\/en\/contacts\/","title":{"rendered":"Contacts"},"content":{"rendered":"<div data-elementor-type=\"wp-page\" data-elementor-id=\"5972\" class=\"elementor elementor-5972\">\n\t\t\t\t\t\t<section class=\"elementor-section elementor-top-section elementor-element elementor-element-870f456 elementor-section-boxed elementor-section-gap-beside-yes elementor-section-height-default elementor-section-height-default elementor-section-column-vertical-align-stretch\" data-id=\"870f456\" data-element_type=\"section\">\n\t\t\t\t\t\t<div class=\"elementor-container elementor-column-gap-extended\">\n\t\t\t\t\t<div class=\"elementor-column elementor-col-100 elementor-top-column elementor-element elementor-element-e6495f0\" data-id=\"e6495f0\" data-element_type=\"column\">\n\t\t\t<div class=\"elementor-widget-wrap elementor-element-populated\">\n\t\t\t\t\t\t<div class=\"elementor-element elementor-element-5055c26 elementor-widget__width-initial elementor-invisible elementor-widget elementor-widget-text-editor\" data-id=\"5055c26\" data-element_type=\"widget\" data-settings=\"{&quot;_animation&quot;:&quot;nussFadeInUp&quot;}\" data-widget_type=\"text-editor.default\">\n\t\t\t\t<div class=\"elementor-widget-container\">\n\t\t\t\t\t\t\tUne question ? Une r\u00e9servation ? Nous sommes \u00e0 votre \u00e9coute !\nVenez nous rendre visite ou contactez-nous pour en savoir plus\t\t\t\t\t\t<\/div>\n\t\t\t\t<\/div>\n\t\t\t\t\t<\/div>\n\t\t<\/div>\n\t\t\t\t\t<\/div>\n\t\t<\/section>\n\t\t\t\t<section class=\"elementor-section elementor-top-section elementor-element elementor-element-b59f2d5 elementor-section-height-min-height elementor-section-stretched elementor-section-items-stretch elementor-section-boxed elementor-section-height-default elementor-section-column-vertical-align-stretch\" data-id=\"b59f2d5\" data-element_type=\"section\" data-settings=\"{&quot;stretch_section&quot;:&quot;section-stretched&quot;}\">\n\t\t\t\t\t\t<div class=\"elementor-container elementor-column-gap-no\">\n\t\t\t\t\t<div class=\"elementor-column elementor-col-33 elementor-top-column elementor-element elementor-element-9b694bd\" data-id=\"9b694bd\" data-element_type=\"column\">\n\t\t\t<div class=\"elementor-widget-wrap elementor-element-populated\">\n\t\t\t\t\t\t<section class=\"elementor-section elementor-inner-section elementor-element elementor-element-8c36066 elementor-section-boxed elementor-section-height-default elementor-section-height-default elementor-section-column-vertical-align-stretch\" data-id=\"8c36066\" data-element_type=\"section\">\n\t\t\t\t\t\t<div class=\"elementor-container elementor-column-gap-no\">\n\t\t\t\t\t<div class=\"elementor-column elementor-col-100 elementor-inner-column elementor-element elementor-element-5706400\" data-id=\"5706400\" data-element_type=\"column\">\n\t\t\t<div class=\"elementor-widget-wrap elementor-element-populated\">\n\t\t\t\t\t\t<div class=\"elementor-element elementor-element-dbe64e0 elementor-invisible elementor-widget elementor-widget-nuss-heading\" data-id=\"dbe64e0\" data-element_type=\"widget\" data-settings=\"{&quot;_animation&quot;:&quot;nussFadeInUp&quot;}\" data-widget_type=\"nuss-heading.default\">\n\t\t\t\t<div class=\"elementor-widget-container\">\n\t\t\t\t\t<div class=\"nuss-modern-heading\">\r\n\t\t\t\r\n\t\t\t\t\t<div class=\"heading-primary-wrap\">\r\n\t\t\t<h4 class=\"heading-primary elementor-heading-title\">Le clos de la vigne<\/h4>\t\t<\/div>\r\n\t\t\r\n\t\t\t\t\t<div class=\"heading-divider-wrap\">\r\n\t\t\t<div class=\"heading-divider\" style=\"left: 0px;top: 6px\"><\/div>\r\n\t\t<\/div>\r\n\t    \r\n\t\t\t\t\t<\/div>\r\n\t\t\t\t<\/div>\n\t\t\t\t<\/div>\n\t\t\t\t<div class=\"elementor-element elementor-element-e6485f4 nuss-list-layout-block elementor-invisible elementor-widget elementor-widget-nuss-list\" data-id=\"e6485f4\" data-element_type=\"widget\" data-settings=\"{&quot;_animation&quot;:&quot;nussFadeInUp&quot;}\" data-widget_type=\"nuss-list.default\">\n\t\t\t\t<div class=\"elementor-widget-container\">\n\t\t\t\t\t<div class=\"nuss-list\">\r\n\t\t\t\t\t\t\t\t<div class=\"item\">\r\n\r\n\t\t\t\t\t\t<div class=\"link\">\r\n\t\t\t\t\t\t<div class=\"list-header\">\r\n\t\t\t\t\t\t\t\t\t\t\t\t\t\t\t<div class=\"nuss-icon icon\">\r\n\t\t\t\t\t\t\t\t\t<i aria-hidden=\"true\" class=\"far fa-map-marker-alt\"><\/i>\t\t\t\t\t\t\t\t<\/div>\r\n\t\t\t\t\t\t\t\r\n\t\t\t\t\t\t\t<div class=\"text-wrap\">\r\n\t\t\t\t\t\t\t\t\t\t\t\t\t\t\t\t\t<div class=\"text\">\r\n\t\t\t\t\t\t\t\t\t\tAdresse\t\t\t\t\t\t\t\t\t<\/div>\r\n\t\t\t\t\t\t\t\t\t\t\t\t\t\t\t<\/div>\r\n\r\n\t\t\t\t\t\t\t\t\t\t\t\t\t<\/div>\r\n\r\n\t\t\t\t\t\t<\/div>\r\n\t\t\t\t\t<\/div>\r\n\t\t\t\t\t<\/div>\r\n\t\t\t<\/div>\n\t\t\t\t<\/div>\n\t\t\t\t<div class=\"elementor-element elementor-element-02e959d elementor-invisible elementor-widget elementor-widget-heading\" data-id=\"02e959d\" data-element_type=\"widget\" data-settings=\"{&quot;_animation&quot;:&quot;nussFadeInUp&quot;}\" data-widget_type=\"heading.default\">\n\t\t\t\t<div class=\"elementor-widget-container\">\n\t\t\t<h4 class=\"elementor-heading-title elementor-size-default\">Grand-Bassam - Modeste<\/h4>\t\t<\/div>\n\t\t\t\t<\/div>\n\t\t\t\t<div class=\"elementor-element elementor-element-1f03be1 elementor-invisible elementor-widget elementor-widget-button\" data-id=\"1f03be1\" data-element_type=\"widget\" data-settings=\"{&quot;_animation&quot;:&quot;nussFadeInUp&quot;}\" data-widget_type=\"button.default\">\n\t\t\t\t<div class=\"elementor-widget-container\">\n\t\t\t\t\t<div class=\"elementor-button-wrapper\">\n\t\t\t<a class=\"elementor-button elementor-button-link elementor-size-sm\" href=\"https:\/\/www.google.com\/maps\/dir\/\/Le+clos+de+la+vigne+225+GRAND-BASSAM\/@5.217387,-3.8272517,206m\/data=!3m1!1e3!4m8!4m7!1m0!1m5!1m1!1s0xfc1f1b1fe1ac7c9:0x13e78ab7332d7003!2m2!1d-3.8272517!2d5.217387?entry=ttu&#038;g_ep=EgoyMDI1MDMzMC4wIKXMDSoASAFQAw%3D%3D\" target=\"_blank\">\n\t\t\t\t\t\t<span class=\"elementor-button-content-wrapper\">\n\t\t\t\t\t\t<span class=\"elementor-button-icon\">\n\t\t\t\t<i aria-hidden=\"true\" class=\"far fa-long-arrow-alt-right\"><\/i>\t\t\t<\/span>\n\t\t\t\t\t\t\t\t\t<span class=\"elementor-button-text\">voir l'itin\u00e9raire<\/span>\n\t\t\t\t\t<\/span>\n\t\t\t\t\t<\/a>\n\t\t<\/div>\n\t\t\t\t<\/div>\n\t\t\t\t<\/div>\n\t\t\t\t\t<\/div>\n\t\t<\/div>\n\t\t\t\t\t<\/div>\n\t\t<\/section>\n\t\t\t\t<section class=\"elementor-section elementor-inner-section elementor-element elementor-element-1f4e975 elementor-section-boxed elementor-section-height-default elementor-section-height-default elementor-section-column-vertical-align-stretch\" data-id=\"1f4e975\" data-element_type=\"section\">\n\t\t\t\t\t\t<div class=\"elementor-container elementor-column-gap-no\">\n\t\t\t\t\t<div class=\"elementor-column elementor-col-100 elementor-inner-column elementor-element elementor-element-5b7574e\" data-id=\"5b7574e\" data-element_type=\"column\">\n\t\t\t<div class=\"elementor-widget-wrap elementor-element-populated\">\n\t\t\t\t\t\t<div class=\"elementor-element elementor-element-c0c254b nuss-list-layout-block elementor-invisible elementor-widget elementor-widget-nuss-list\" data-id=\"c0c254b\" data-element_type=\"widget\" data-settings=\"{&quot;_animation&quot;:&quot;nussFadeInUp&quot;}\" data-widget_type=\"nuss-list.default\">\n\t\t\t\t<div class=\"elementor-widget-container\">\n\t\t\t\t\t<div class=\"nuss-list\">\r\n\t\t\t\t\t\t\t\t<div class=\"item\">\r\n\r\n\t\t\t\t\t\t<div class=\"link\">\r\n\t\t\t\t\t\t<div class=\"list-header\">\r\n\t\t\t\t\t\t\t\t\t\t\t\t\t\t\t<div class=\"nuss-icon icon\">\r\n\t\t\t\t\t\t\t\t\t<i aria-hidden=\"true\" class=\"fas fa-mobile-alt\"><\/i>\t\t\t\t\t\t\t\t<\/div>\r\n\t\t\t\t\t\t\t\r\n\t\t\t\t\t\t\t<div class=\"text-wrap\">\r\n\t\t\t\t\t\t\t\t\t\t\t\t\t\t\t\t\t<div class=\"text\">\r\n\t\t\t\t\t\t\t\t\t\tT\u00e9l\u00e9phone\t\t\t\t\t\t\t\t\t<\/div>\r\n\t\t\t\t\t\t\t\t\t\t\t\t\t\t\t<\/div>\r\n\r\n\t\t\t\t\t\t\t\t\t\t\t\t\t<\/div>\r\n\r\n\t\t\t\t\t\t<\/div>\r\n\t\t\t\t\t<\/div>\r\n\t\t\t\t\t<\/div>\r\n\t\t\t<\/div>\n\t\t\t\t<\/div>\n\t\t\t\t<div class=\"elementor-element elementor-element-99132ef elementor-invisible elementor-widget elementor-widget-heading\" data-id=\"99132ef\" data-element_type=\"widget\" data-settings=\"{&quot;_animation&quot;:&quot;nussFadeInUp&quot;}\" data-widget_type=\"heading.default\">\n\t\t\t\t<div class=\"elementor-widget-container\">\n\t\t\t<h4 class=\"elementor-heading-title elementor-size-default\">+225 0707075883<\/h4>\t\t<\/div>\n\t\t\t\t<\/div>\n\t\t\t\t<div class=\"elementor-element elementor-element-be5bec8 elementor-invisible elementor-widget elementor-widget-heading\" data-id=\"be5bec8\" data-element_type=\"widget\" data-settings=\"{&quot;_animation&quot;:&quot;nussFadeInUp&quot;}\" data-widget_type=\"heading.default\">\n\t\t\t\t<div class=\"elementor-widget-container\">\n\t\t\t<h4 class=\"elementor-heading-title elementor-size-default\">+225 0719353535<\/h4>\t\t<\/div>\n\t\t\t\t<\/div>\n\t\t\t\t<div class=\"elementor-element elementor-element-57b8dcc elementor-invisible elementor-widget elementor-widget-button\" data-id=\"57b8dcc\" data-element_type=\"widget\" data-settings=\"{&quot;_animation&quot;:&quot;nussFadeInUp&quot;}\" data-widget_type=\"button.default\">\n\t\t\t\t<div class=\"elementor-widget-container\">\n\t\t\t\t\t<div class=\"elementor-button-wrapper\">\n\t\t\t<a class=\"elementor-button elementor-button-link elementor-size-sm\" href=\"tel:+2250707075883\">\n\t\t\t\t\t\t<span class=\"elementor-button-content-wrapper\">\n\t\t\t\t\t\t<span class=\"elementor-button-icon\">\n\t\t\t\t<i aria-hidden=\"true\" class=\"far fa-long-arrow-alt-right\"><\/i>\t\t\t<\/span>\n\t\t\t\t\t\t\t\t\t<span class=\"elementor-button-text\">LANCER UN APPEL<\/span>\n\t\t\t\t\t<\/span>\n\t\t\t\t\t<\/a>\n\t\t<\/div>\n\t\t\t\t<\/div>\n\t\t\t\t<\/div>\n\t\t\t\t\t<\/div>\n\t\t<\/div>\n\t\t\t\t\t<\/div>\n\t\t<\/section>\n\t\t\t\t\t<\/div>\n\t\t<\/div>\n\t\t\t\t<div class=\"elementor-column elementor-col-33 elementor-top-column elementor-element elementor-element-6c2e4a8\" data-id=\"6c2e4a8\" data-element_type=\"column\">\n\t\t\t<div class=\"elementor-widget-wrap elementor-element-populated\">\n\t\t\t\t\t\t<section class=\"elementor-section elementor-inner-section elementor-element elementor-element-16c7b5a elementor-section-boxed elementor-section-gap-beside-yes elementor-section-height-default elementor-section-height-default elementor-section-column-vertical-align-stretch\" data-id=\"16c7b5a\" data-element_type=\"section\">\n\t\t\t\t\t\t<div class=\"elementor-container elementor-column-gap-extended\">\n\t\t\t\t\t<div class=\"elementor-column elementor-col-100 elementor-inner-column elementor-element elementor-element-56a4e6f\" data-id=\"56a4e6f\" data-element_type=\"column\">\n\t\t\t<div class=\"elementor-widget-wrap elementor-element-populated\">\n\t\t\t\t\t\t<div class=\"elementor-element elementor-element-9c7fc6a elementor-widget elementor-widget-nuss-image\" data-id=\"9c7fc6a\" data-element_type=\"widget\" data-widget_type=\"nuss-image.default\">\n\t\t\t\t<div class=\"elementor-widget-container\">\n\t\t\t\t\t\t\t\t<div class=\"elementor-image\">\r\n\t\t\t\t\t\t\t\t\t\t\t\t<img fetchpriority=\"high\" decoding=\"async\" width=\"1024\" height=\"576\" src=\"https:\/\/leclosdelavigne.com\/wp-content\/uploads\/2025\/03\/rs_2-1024x576.webp\" class=\"attachment-large size-large wp-image-5891\" alt=\"\" srcset=\"https:\/\/leclosdelavigne.com\/wp-content\/uploads\/2025\/03\/rs_2-1024x576.webp 1024w, https:\/\/leclosdelavigne.com\/wp-content\/uploads\/2025\/03\/rs_2-300x169.webp 300w, https:\/\/leclosdelavigne.com\/wp-content\/uploads\/2025\/03\/rs_2-768x432.webp 768w, https:\/\/leclosdelavigne.com\/wp-content\/uploads\/2025\/03\/rs_2-600x337.webp 600w, https:\/\/leclosdelavigne.com\/wp-content\/uploads\/2025\/03\/rs_2.webp 1080w\" sizes=\"(max-width: 1024px) 100vw, 1024px\" \/>\t\t\t\t\t\t\t\t\t\t\t\t\t\t<\/div>\r\n\t\t\t\t\t\t<\/div>\n\t\t\t\t<\/div>\n\t\t\t\t\t<\/div>\n\t\t<\/div>\n\t\t\t\t\t<\/div>\n\t\t<\/section>\n\t\t\t\t<section class=\"elementor-section elementor-inner-section elementor-element elementor-element-ffcaa66 elementor-section-boxed elementor-section-gap-beside-yes elementor-section-height-default elementor-section-height-default elementor-section-column-vertical-align-stretch\" data-id=\"ffcaa66\" data-element_type=\"section\">\n\t\t\t\t\t\t<div class=\"elementor-container elementor-column-gap-extended\">\n\t\t\t\t\t<div class=\"elementor-column elementor-col-100 elementor-inner-column elementor-element elementor-element-1c15eba\" data-id=\"1c15eba\" data-element_type=\"column\">\n\t\t\t<div class=\"elementor-widget-wrap elementor-element-populated\">\n\t\t\t\t\t\t<div class=\"elementor-element elementor-element-d860607 elementor-widget elementor-widget-nuss-image\" data-id=\"d860607\" data-element_type=\"widget\" data-widget_type=\"nuss-image.default\">\n\t\t\t\t<div class=\"elementor-widget-container\">\n\t\t\t\t\t\t\t\t<div class=\"elementor-image\">\r\n\t\t\t\t\t\t\t\t\t\t\t\t<img decoding=\"async\" width=\"1024\" height=\"576\" src=\"https:\/\/leclosdelavigne.com\/wp-content\/uploads\/2025\/03\/ps_4-1024x576.webp\" class=\"attachment-large size-large wp-image-5916\" alt=\"\" srcset=\"https:\/\/leclosdelavigne.com\/wp-content\/uploads\/2025\/03\/ps_4-1024x576.webp 1024w, https:\/\/leclosdelavigne.com\/wp-content\/uploads\/2025\/03\/ps_4-300x169.webp 300w, https:\/\/leclosdelavigne.com\/wp-content\/uploads\/2025\/03\/ps_4-768x432.webp 768w, https:\/\/leclosdelavigne.com\/wp-content\/uploads\/2025\/03\/ps_4-600x337.webp 600w, https:\/\/leclosdelavigne.com\/wp-content\/uploads\/2025\/03\/ps_4.webp 1080w\" sizes=\"(max-width: 1024px) 100vw, 1024px\" \/>\t\t\t\t\t\t\t\t\t\t\t\t\t\t<\/div>\r\n\t\t\t\t\t\t<\/div>\n\t\t\t\t<\/div>\n\t\t\t\t\t<\/div>\n\t\t<\/div>\n\t\t\t\t\t<\/div>\n\t\t<\/section>\n\t\t\t\t\t<\/div>\n\t\t<\/div>\n\t\t\t\t<div class=\"elementor-column elementor-col-33 elementor-top-column elementor-element elementor-element-343be38 elementor-hidden-tablet elementor-hidden-mobile\" data-id=\"343be38\" data-element_type=\"column\">\n\t\t\t<div class=\"elementor-widget-wrap elementor-element-populated\">\n\t\t\t\t\t\t<div class=\"elementor-element elementor-element-03727dd elementor-widget elementor-widget-nuss-image\" data-id=\"03727dd\" data-element_type=\"widget\" data-widget_type=\"nuss-image.default\">\n\t\t\t\t<div class=\"elementor-widget-container\">\n\t\t\t\t\t\t\t\t<div class=\"elementor-image\">\r\n\t\t\t\t\t\t\t\t\t\t\t\t<img decoding=\"async\" width=\"740\" height=\"960\" src=\"https:\/\/leclosdelavigne.com\/wp-content\/uploads\/2025\/03\/home_about_1.webp\" class=\"attachment-large size-large wp-image-5471\" alt=\"\" srcset=\"https:\/\/leclosdelavigne.com\/wp-content\/uploads\/2025\/03\/home_about_1.webp 740w, https:\/\/leclosdelavigne.com\/wp-content\/uploads\/2025\/03\/home_about_1-231x300.webp 231w, https:\/\/leclosdelavigne.com\/wp-content\/uploads\/2025\/03\/home_about_1-600x778.webp 600w\" sizes=\"(max-width: 740px) 100vw, 740px\" \/>\t\t\t\t\t\t\t\t\t\t\t\t\t\t<\/div>\r\n\t\t\t\t\t\t<\/div>\n\t\t\t\t<\/div>\n\t\t\t\t\t<\/div>\n\t\t<\/div>\n\t\t\t\t\t<\/div>\n\t\t<\/section>\n\t\t\t\t<section class=\"elementor-section elementor-top-section elementor-element elementor-element-72b4234 elementor-section-boxed elementor-section-gap-beside-yes elementor-section-height-default elementor-section-height-default elementor-section-column-vertical-align-stretch\" data-id=\"72b4234\" data-element_type=\"section\">\n\t\t\t\t\t\t<div class=\"elementor-container elementor-column-gap-extended\">\n\t\t\t\t\t<div class=\"elementor-column elementor-col-100 elementor-top-column elementor-element elementor-element-592f720\" data-id=\"592f720\" data-element_type=\"column\">\n\t\t\t<div class=\"elementor-widget-wrap elementor-element-populated\">\n\t\t\t\t\t\t<div class=\"elementor-element elementor-element-c0b3122 elementor-widget elementor-widget-html\" data-id=\"c0b3122\" data-element_type=\"widget\" data-widget_type=\"html.default\">\n\t\t\t\t<div class=\"elementor-widget-container\">\n\t\t\t<iframe src=\"https:\/\/www.google.com\/maps\/embed?pb=!1m18!1m12!1m3!1d224.7262161719581!2d-3.827202079227879!3d5.217238754143281!2m3!1f0!2f0!3f0!3m2!1i1024!2i768!4f13.1!3m3!1m2!1s0xfc1f1b1fe1ac7c9%3A0x13e78ab7332d7003!2sLe%20clos%20de%20la%20vigne!5e1!3m2!1sfr!2sci!4v1743611616266!5m2!1sfr!2sci\" width=\"100%\" height=\"350\" style=\"border:0;\" allowfullscreen=\"\" loading=\"lazy\" referrerpolicy=\"no-referrer-when-downgrade\"><\/iframe>\t\t<\/div>\n\t\t\t\t<\/div>\n\t\t\t\t\t<\/div>\n\t\t<\/div>\n\t\t\t\t\t<\/div>\n\t\t<\/section>\n\t\t\t\t<\/div>","protected":false},"excerpt":{"rendered":"<p>Une question ? Une r\u00e9servation ? Nous sommes \u00e0 votre \u00e9coute ! Venez nous rendre visite ou contactez-nous pour en savoir plus Le clos de la vigne Adresse Grand-Bassam &#8211; Modeste voir l&rsquo;itin\u00e9raire T\u00e9l\u00e9phone +225 0707075883 +225 0719353535 LANCER UN APPEL<\/p>","protected":false},"author":1,"featured_media":0,"parent":0,"menu_order":0,"comment_status":"closed","ping_status":"closed","template":"elementor_header_footer","meta":{"footnotes":""},"class_list":["post-5972","page","type-page","status-publish","hentry","post-no-thumbnail"],"yoast_head":"<!-- This site is optimized with the Yoast SEO plugin v24.9 - https:\/\/yoast.com\/wordpress\/plugins\/seo\/ -->\n<title>Contacts - Le clos de la vigne<\/title>\n<meta name=\"description\" content=\"Une question ? Une r\u00e9servation ? T\u00e9l\u00e9phone: +225 0707075883 \/ +225 0719353535 Adresse: Grand-Bassam - Modeste\" \/>\n<meta name=\"robots\" content=\"index, follow, max-snippet:-1, max-image-preview:large, max-video-preview:-1\" \/>\n<link rel=\"canonical\" href=\"https:\/\/leclosdelavigne.com\/en\/contacts\/\" \/>\n<meta property=\"og:locale\" content=\"en_US\" \/>\n<meta property=\"og:type\" content=\"article\" \/>\n<meta property=\"og:title\" content=\"Contacts - Le clos de la vigne\" \/>\n<meta property=\"og:description\" content=\"Une question ? Une r\u00e9servation ? T\u00e9l\u00e9phone: +225 0707075883 \/ +225 0719353535 Adresse: Grand-Bassam - Modeste\" \/>\n<meta property=\"og:url\" content=\"https:\/\/leclosdelavigne.com\/en\/contacts\/\" \/>\n<meta property=\"og:site_name\" content=\"Le clos de la vigne\" \/>\n<meta property=\"article:publisher\" content=\"https:\/\/www.facebook.com\/share\/1AFxAqwxQt\/?mibextid=wwXIfr\" \/>\n<meta property=\"article:modified_time\" content=\"2025-04-17T12:13:02+00:00\" \/>\n<meta property=\"og:image\" content=\"https:\/\/leclosdelavigne.com\/wp-content\/uploads\/2025\/03\/rs_2-1024x576.webp\" \/>\n<meta name=\"twitter:card\" content=\"summary_large_image\" \/>\n<meta name=\"twitter:label1\" content=\"Est. reading time\" \/>\n\t<meta name=\"twitter:data1\" content=\"1 minute\" \/>\n<script type=\"application\/ld+json\" class=\"yoast-schema-graph\">{\"@context\":\"https:\/\/schema.org\",\"@graph\":[{\"@type\":\"WebPage\",\"@id\":\"https:\/\/leclosdelavigne.com\/contacts\/\",\"url\":\"https:\/\/leclosdelavigne.com\/contacts\/\",\"name\":\"Contacts - Le clos de la vigne\",\"isPartOf\":{\"@id\":\"https:\/\/leclosdelavigne.com\/#website\"},\"primaryImageOfPage\":{\"@id\":\"https:\/\/leclosdelavigne.com\/contacts\/#primaryimage\"},\"image\":{\"@id\":\"https:\/\/leclosdelavigne.com\/contacts\/#primaryimage\"},\"thumbnailUrl\":\"https:\/\/leclosdelavigne.com\/wp-content\/uploads\/2025\/03\/rs_2-1024x576.webp\",\"datePublished\":\"2025-03-27T00:05:22+00:00\",\"dateModified\":\"2025-04-17T12:13:02+00:00\",\"description\":\"Une question ? Une r\u00e9servation ? T\u00e9l\u00e9phone: +225 0707075883 \/ +225 0719353535 Adresse: Grand-Bassam - Modeste\",\"breadcrumb\":{\"@id\":\"https:\/\/leclosdelavigne.com\/contacts\/#breadcrumb\"},\"inLanguage\":\"en-US\",\"potentialAction\":[{\"@type\":\"ReadAction\",\"target\":[\"https:\/\/leclosdelavigne.com\/contacts\/\"]}]},{\"@type\":\"ImageObject\",\"inLanguage\":\"en-US\",\"@id\":\"https:\/\/leclosdelavigne.com\/contacts\/#primaryimage\",\"url\":\"https:\/\/leclosdelavigne.com\/wp-content\/uploads\/2025\/03\/rs_2-1024x576.webp\",\"contentUrl\":\"https:\/\/leclosdelavigne.com\/wp-content\/uploads\/2025\/03\/rs_2-1024x576.webp\"},{\"@type\":\"BreadcrumbList\",\"@id\":\"https:\/\/leclosdelavigne.com\/contacts\/#breadcrumb\",\"itemListElement\":[{\"@type\":\"ListItem\",\"position\":1,\"name\":\"Accueil\",\"item\":\"https:\/\/leclosdelavigne.com\/\"},{\"@type\":\"ListItem\",\"position\":2,\"name\":\"Contacts\"}]},{\"@type\":\"WebSite\",\"@id\":\"https:\/\/leclosdelavigne.com\/#website\",\"url\":\"https:\/\/leclosdelavigne.com\/\",\"name\":\"Le clos de la vigne\",\"description\":\"R\u00e9sidence - H\u00e9bergement - Restauration\",\"publisher\":{\"@id\":\"https:\/\/leclosdelavigne.com\/#organization\"},\"alternateName\":\"LeClosDeLaVigne\",\"potentialAction\":[{\"@type\":\"SearchAction\",\"target\":{\"@type\":\"EntryPoint\",\"urlTemplate\":\"https:\/\/leclosdelavigne.com\/?s={search_term_string}\"},\"query-input\":{\"@type\":\"PropertyValueSpecification\",\"valueRequired\":true,\"valueName\":\"search_term_string\"}}],\"inLanguage\":\"en-US\"},{\"@type\":\"Organization\",\"@id\":\"https:\/\/leclosdelavigne.com\/#organization\",\"name\":\"Le clos de la vigne\",\"alternateName\":\"LeClosDeLaVigne\",\"url\":\"https:\/\/leclosdelavigne.com\/\",\"logo\":{\"@type\":\"ImageObject\",\"inLanguage\":\"en-US\",\"@id\":\"https:\/\/leclosdelavigne.com\/#\/schema\/logo\/image\/\",\"url\":\"https:\/\/leclosdelavigne.com\/wp-content\/uploads\/2025\/04\/nv_logo_cdlv.jpeg\",\"contentUrl\":\"https:\/\/leclosdelavigne.com\/wp-content\/uploads\/2025\/04\/nv_logo_cdlv.jpeg\",\"width\":834,\"height\":381,\"caption\":\"Le clos de la vigne\"},\"image\":{\"@id\":\"https:\/\/leclosdelavigne.com\/#\/schema\/logo\/image\/\"},\"sameAs\":[\"https:\/\/www.facebook.com\/share\/1AFxAqwxQt\/?mibextid=wwXIfr\"]}]}<\/script>\n<!-- \/ Yoast SEO plugin. -->","yoast_head_json":{"title":"Contacts - Le clos de la vigne","description":"Une question ? Une r\u00e9servation ? T\u00e9l\u00e9phone: +225 0707075883 \/ +225 0719353535 Adresse: Grand-Bassam - Modeste","robots":{"index":"index","follow":"follow","max-snippet":"max-snippet:-1","max-image-preview":"max-image-preview:large","max-video-preview":"max-video-preview:-1"},"canonical":"https:\/\/leclosdelavigne.com\/en\/contacts\/","og_locale":"en_US","og_type":"article","og_title":"Contacts - Le clos de la vigne","og_description":"Une question ? Une r\u00e9servation ? T\u00e9l\u00e9phone: +225 0707075883 \/ +225 0719353535 Adresse: Grand-Bassam - Modeste","og_url":"https:\/\/leclosdelavigne.com\/en\/contacts\/","og_site_name":"Le clos de la vigne","article_publisher":"https:\/\/www.facebook.com\/share\/1AFxAqwxQt\/?mibextid=wwXIfr","article_modified_time":"2025-04-17T12:13:02+00:00","og_image":[{"url":"https:\/\/leclosdelavigne.com\/wp-content\/uploads\/2025\/03\/rs_2-1024x576.webp","type":"","width":"","height":""}],"twitter_card":"summary_large_image","twitter_misc":{"Est. reading time":"1 minute"},"schema":{"@context":"https:\/\/schema.org","@graph":[{"@type":"WebPage","@id":"https:\/\/leclosdelavigne.com\/contacts\/","url":"https:\/\/leclosdelavigne.com\/contacts\/","name":"Contacts - Le clos de la vigne","isPartOf":{"@id":"https:\/\/leclosdelavigne.com\/#website"},"primaryImageOfPage":{"@id":"https:\/\/leclosdelavigne.com\/contacts\/#primaryimage"},"image":{"@id":"https:\/\/leclosdelavigne.com\/contacts\/#primaryimage"},"thumbnailUrl":"https:\/\/leclosdelavigne.com\/wp-content\/uploads\/2025\/03\/rs_2-1024x576.webp","datePublished":"2025-03-27T00:05:22+00:00","dateModified":"2025-04-17T12:13:02+00:00","description":"Une question ? Une r\u00e9servation ? T\u00e9l\u00e9phone: +225 0707075883 \/ +225 0719353535 Adresse: Grand-Bassam - Modeste","breadcrumb":{"@id":"https:\/\/leclosdelavigne.com\/contacts\/#breadcrumb"},"inLanguage":"en-US","potentialAction":[{"@type":"ReadAction","target":["https:\/\/leclosdelavigne.com\/contacts\/"]}]},{"@type":"ImageObject","inLanguage":"en-US","@id":"https:\/\/leclosdelavigne.com\/contacts\/#primaryimage","url":"https:\/\/leclosdelavigne.com\/wp-content\/uploads\/2025\/03\/rs_2-1024x576.webp","contentUrl":"https:\/\/leclosdelavigne.com\/wp-content\/uploads\/2025\/03\/rs_2-1024x576.webp"},{"@type":"BreadcrumbList","@id":"https:\/\/leclosdelavigne.com\/contacts\/#breadcrumb","itemListElement":[{"@type":"ListItem","position":1,"name":"Accueil","item":"https:\/\/leclosdelavigne.com\/"},{"@type":"ListItem","position":2,"name":"Contacts"}]},{"@type":"WebSite","@id":"https:\/\/leclosdelavigne.com\/#website","url":"https:\/\/leclosdelavigne.com\/","name":"Le clos de la vigne","description":"R\u00e9sidence - H\u00e9bergement - Restauration","publisher":{"@id":"https:\/\/leclosdelavigne.com\/#organization"},"alternateName":"LeClosDeLaVigne","potentialAction":[{"@type":"SearchAction","target":{"@type":"EntryPoint","urlTemplate":"https:\/\/leclosdelavigne.com\/?s={search_term_string}"},"query-input":{"@type":"PropertyValueSpecification","valueRequired":true,"valueName":"search_term_string"}}],"inLanguage":"en-US"},{"@type":"Organization","@id":"https:\/\/leclosdelavigne.com\/#organization","name":"Le clos de la vigne","alternateName":"LeClosDeLaVigne","url":"https:\/\/leclosdelavigne.com\/","logo":{"@type":"ImageObject","inLanguage":"en-US","@id":"https:\/\/leclosdelavigne.com\/#\/schema\/logo\/image\/","url":"https:\/\/leclosdelavigne.com\/wp-content\/uploads\/2025\/04\/nv_logo_cdlv.jpeg","contentUrl":"https:\/\/leclosdelavigne.com\/wp-content\/uploads\/2025\/04\/nv_logo_cdlv.jpeg","width":834,"height":381,"caption":"Le clos de la vigne"},"image":{"@id":"https:\/\/leclosdelavigne.com\/#\/schema\/logo\/image\/"},"sameAs":["https:\/\/www.facebook.com\/share\/1AFxAqwxQt\/?mibextid=wwXIfr"]}]}},"_links":{"self":[{"href":"https:\/\/leclosdelavigne.com\/en\/wp-json\/wp\/v2\/pages\/5972","targetHints":{"allow":["GET"]}}],"collection":[{"href":"https:\/\/leclosdelavigne.com\/en\/wp-json\/wp\/v2\/pages"}],"about":[{"href":"https:\/\/leclosdelavigne.com\/en\/wp-json\/wp\/v2\/types\/page"}],"author":[{"embeddable":true,"href":"https:\/\/leclosdelavigne.com\/en\/wp-json\/wp\/v2\/users\/1"}],"replies":[{"embeddable":true,"href":"https:\/\/leclosdelavigne.com\/en\/wp-json\/wp\/v2\/comments?post=5972"}],"version-history":[{"count":98,"href":"https:\/\/leclosdelavigne.com\/en\/wp-json\/wp\/v2\/pages\/5972\/revisions"}],"predecessor-version":[{"id":6516,"href":"https:\/\/leclosdelavigne.com\/en\/wp-json\/wp\/v2\/pages\/5972\/revisions\/6516"}],"wp:attachment":[{"href":"https:\/\/leclosdelavigne.com\/en\/wp-json\/wp\/v2\/media?parent=5972"}],"curies":[{"name":"wp","href":"https:\/\/api.w.org\/{rel}","templated":true}]}}