{"id":3046,"date":"2025-03-25T16:10:32","date_gmt":"2025-03-25T15:10:32","guid":{"rendered":"https:\/\/nuss.uxper.co\/boutique-hotel\/?post_type=product&#038;p=3046"},"modified":"2025-04-02T18:53:20","modified_gmt":"2025-04-02T16:53:20","slug":"argali-blanc-2022","status":"publish","type":"product","link":"https:\/\/leclosdelavigne.com\/en\/product\/argali-blanc-2022\/","title":{"rendered":"ARGALI BLANC 2022"},"content":{"rendered":"","protected":false},"excerpt":{"rendered":"<p>Sol : Argilo-calcaire Galets roul\u00e9s par le Rh\u00f4ne Au Quaternaire<br \/>\nRobe jaune claire aux reflets verts.<br \/>\nLe nez intense r\u00e9v\u00e8le des notes de fruits exotiques.<br \/>\nLa bouche est dynamique et trouve un \u00e9quilibre entre fraicheur et onctuosit\u00e9.<\/p>\n<p>Situ\u00e9 \u00e0 20 km au nord-est de Montpellier, le terroir de Puech-Haut s\u2019\u00e9tend sur 250 ha pour un d\u00e9nivel\u00e9 oscillant entre 50 et 150 m\u00e8tres d\u2019altitude. Ce terroir de galets roul\u00e9s est empreint du climat maritime.<\/p>","protected":false},"featured_media":5676,"template":"","meta":[],"product_brand":[],"product_cat":[15],"product_tag":[],"class_list":{"0":"post-3046","1":"product","2":"type-product","3":"status-publish","4":"has-post-thumbnail","6":"product_cat-vin-de-france","8":"first","9":"instock","10":"shipping-taxable","11":"purchasable","12":"product-type-simple"},"yoast_head":"<!-- This site is optimized with the Yoast SEO plugin v24.9 - https:\/\/yoast.com\/wordpress\/plugins\/seo\/ -->\n<title>ARGALI BLANC 2022 - Le clos de la vigne<\/title>\n<meta name=\"robots\" content=\"index, follow, max-snippet:-1, max-image-preview:large, max-video-preview:-1\" \/>\n<link rel=\"canonical\" href=\"https:\/\/leclosdelavigne.com\/en\/product\/argali-blanc-2022\/\" \/>\n<meta property=\"og:locale\" content=\"en_US\" \/>\n<meta property=\"og:type\" content=\"article\" \/>\n<meta property=\"og:title\" content=\"ARGALI BLANC 2022 - Le clos de la vigne\" \/>\n<meta property=\"og:description\" content=\"Sol : Argilo-calcaire Galets roul\u00e9s par le Rh\u00f4ne Au Quaternaire Robe jaune claire aux reflets verts. Le nez intense r\u00e9v\u00e8le des notes de fruits exotiques. La bouche est dynamique et trouve un \u00e9quilibre entre fraicheur et onctuosit\u00e9.  Situ\u00e9 \u00e0 20 km au nord-est de Montpellier, le terroir de Puech-Haut s\u2019\u00e9tend sur 250 ha pour un d\u00e9nivel\u00e9 oscillant entre 50 et 150 m\u00e8tres d\u2019altitude. Ce terroir de galets roul\u00e9s est empreint du climat maritime.\" \/>\n<meta property=\"og:url\" content=\"https:\/\/leclosdelavigne.com\/en\/product\/argali-blanc-2022\/\" \/>\n<meta property=\"og:site_name\" content=\"Le clos de la vigne\" \/>\n<meta property=\"article:publisher\" content=\"https:\/\/www.facebook.com\/share\/1AFxAqwxQt\/?mibextid=wwXIfr\" \/>\n<meta property=\"article:modified_time\" content=\"2025-04-02T16:53:20+00:00\" \/>\n<meta property=\"og:image\" content=\"https:\/\/leclosdelavigne.com\/wp-content\/uploads\/2025\/03\/vin_argali_blanc.webp\" \/>\n\t<meta property=\"og:image:width\" content=\"650\" \/>\n\t<meta property=\"og:image:height\" content=\"650\" \/>\n\t<meta property=\"og:image:type\" content=\"image\/webp\" \/>\n<meta name=\"twitter:card\" content=\"summary_large_image\" \/>\n<script type=\"application\/ld+json\" class=\"yoast-schema-graph\">{\"@context\":\"https:\/\/schema.org\",\"@graph\":[{\"@type\":\"WebPage\",\"@id\":\"https:\/\/leclosdelavigne.com\/produit\/argali-blanc-2022\/\",\"url\":\"https:\/\/leclosdelavigne.com\/produit\/argali-blanc-2022\/\",\"name\":\"ARGALI BLANC 2022 - Le clos de la vigne\",\"isPartOf\":{\"@id\":\"https:\/\/leclosdelavigne.com\/#website\"},\"primaryImageOfPage\":{\"@id\":\"https:\/\/leclosdelavigne.com\/produit\/argali-blanc-2022\/#primaryimage\"},\"image\":{\"@id\":\"https:\/\/leclosdelavigne.com\/produit\/argali-blanc-2022\/#primaryimage\"},\"thumbnailUrl\":\"https:\/\/leclosdelavigne.com\/wp-content\/uploads\/2025\/03\/vin_argali_blanc.webp\",\"datePublished\":\"2025-03-25T15:10:32+00:00\",\"dateModified\":\"2025-04-02T16:53:20+00:00\",\"breadcrumb\":{\"@id\":\"https:\/\/leclosdelavigne.com\/produit\/argali-blanc-2022\/#breadcrumb\"},\"inLanguage\":\"en-US\",\"potentialAction\":[{\"@type\":\"ReadAction\",\"target\":[\"https:\/\/leclosdelavigne.com\/produit\/argali-blanc-2022\/\"]}]},{\"@type\":\"ImageObject\",\"inLanguage\":\"en-US\",\"@id\":\"https:\/\/leclosdelavigne.com\/produit\/argali-blanc-2022\/#primaryimage\",\"url\":\"https:\/\/leclosdelavigne.com\/wp-content\/uploads\/2025\/03\/vin_argali_blanc.webp\",\"contentUrl\":\"https:\/\/leclosdelavigne.com\/wp-content\/uploads\/2025\/03\/vin_argali_blanc.webp\",\"width\":650,\"height\":650},{\"@type\":\"BreadcrumbList\",\"@id\":\"https:\/\/leclosdelavigne.com\/produit\/argali-blanc-2022\/#breadcrumb\",\"itemListElement\":[{\"@type\":\"ListItem\",\"position\":1,\"name\":\"Accueil\",\"item\":\"https:\/\/leclosdelavigne.com\/\"},{\"@type\":\"ListItem\",\"position\":2,\"name\":\"Produits\",\"item\":\"https:\/\/leclosdelavigne.com\/shop__trashed\/\"},{\"@type\":\"ListItem\",\"position\":3,\"name\":\"ARGALI BLANC 2022\"}]},{\"@type\":\"WebSite\",\"@id\":\"https:\/\/leclosdelavigne.com\/#website\",\"url\":\"https:\/\/leclosdelavigne.com\/\",\"name\":\"Le clos de la vigne\",\"description\":\"R\u00e9sidence - H\u00e9bergement - Restauration\",\"publisher\":{\"@id\":\"https:\/\/leclosdelavigne.com\/#organization\"},\"alternateName\":\"LeClosDeLaVigne\",\"potentialAction\":[{\"@type\":\"SearchAction\",\"target\":{\"@type\":\"EntryPoint\",\"urlTemplate\":\"https:\/\/leclosdelavigne.com\/?s={search_term_string}\"},\"query-input\":{\"@type\":\"PropertyValueSpecification\",\"valueRequired\":true,\"valueName\":\"search_term_string\"}}],\"inLanguage\":\"en-US\"},{\"@type\":\"Organization\",\"@id\":\"https:\/\/leclosdelavigne.com\/#organization\",\"name\":\"Le clos de la vigne\",\"alternateName\":\"LeClosDeLaVigne\",\"url\":\"https:\/\/leclosdelavigne.com\/\",\"logo\":{\"@type\":\"ImageObject\",\"inLanguage\":\"en-US\",\"@id\":\"https:\/\/leclosdelavigne.com\/#\/schema\/logo\/image\/\",\"url\":\"https:\/\/leclosdelavigne.com\/wp-content\/uploads\/2025\/04\/nv_logo_cdlv.jpeg\",\"contentUrl\":\"https:\/\/leclosdelavigne.com\/wp-content\/uploads\/2025\/04\/nv_logo_cdlv.jpeg\",\"width\":834,\"height\":381,\"caption\":\"Le clos de la vigne\"},\"image\":{\"@id\":\"https:\/\/leclosdelavigne.com\/#\/schema\/logo\/image\/\"},\"sameAs\":[\"https:\/\/www.facebook.com\/share\/1AFxAqwxQt\/?mibextid=wwXIfr\"]}]}<\/script>\n<!-- \/ Yoast SEO plugin. -->","yoast_head_json":{"title":"ARGALI BLANC 2022 - Le clos de la vigne","robots":{"index":"index","follow":"follow","max-snippet":"max-snippet:-1","max-image-preview":"max-image-preview:large","max-video-preview":"max-video-preview:-1"},"canonical":"https:\/\/leclosdelavigne.com\/en\/product\/argali-blanc-2022\/","og_locale":"en_US","og_type":"article","og_title":"ARGALI BLANC 2022 - Le clos de la vigne","og_description":"Sol : Argilo-calcaire Galets roul\u00e9s par le Rh\u00f4ne Au Quaternaire Robe jaune claire aux reflets verts. Le nez intense r\u00e9v\u00e8le des notes de fruits exotiques. La bouche est dynamique et trouve un \u00e9quilibre entre fraicheur et onctuosit\u00e9.  Situ\u00e9 \u00e0 20 km au nord-est de Montpellier, le terroir de Puech-Haut s\u2019\u00e9tend sur 250 ha pour un d\u00e9nivel\u00e9 oscillant entre 50 et 150 m\u00e8tres d\u2019altitude. Ce terroir de galets roul\u00e9s est empreint du climat maritime.","og_url":"https:\/\/leclosdelavigne.com\/en\/product\/argali-blanc-2022\/","og_site_name":"Le clos de la vigne","article_publisher":"https:\/\/www.facebook.com\/share\/1AFxAqwxQt\/?mibextid=wwXIfr","article_modified_time":"2025-04-02T16:53:20+00:00","og_image":[{"width":650,"height":650,"url":"https:\/\/leclosdelavigne.com\/wp-content\/uploads\/2025\/03\/vin_argali_blanc.webp","type":"image\/webp"}],"twitter_card":"summary_large_image","schema":{"@context":"https:\/\/schema.org","@graph":[{"@type":"WebPage","@id":"https:\/\/leclosdelavigne.com\/produit\/argali-blanc-2022\/","url":"https:\/\/leclosdelavigne.com\/produit\/argali-blanc-2022\/","name":"ARGALI BLANC 2022 - Le clos de la vigne","isPartOf":{"@id":"https:\/\/leclosdelavigne.com\/#website"},"primaryImageOfPage":{"@id":"https:\/\/leclosdelavigne.com\/produit\/argali-blanc-2022\/#primaryimage"},"image":{"@id":"https:\/\/leclosdelavigne.com\/produit\/argali-blanc-2022\/#primaryimage"},"thumbnailUrl":"https:\/\/leclosdelavigne.com\/wp-content\/uploads\/2025\/03\/vin_argali_blanc.webp","datePublished":"2025-03-25T15:10:32+00:00","dateModified":"2025-04-02T16:53:20+00:00","breadcrumb":{"@id":"https:\/\/leclosdelavigne.com\/produit\/argali-blanc-2022\/#breadcrumb"},"inLanguage":"en-US","potentialAction":[{"@type":"ReadAction","target":["https:\/\/leclosdelavigne.com\/produit\/argali-blanc-2022\/"]}]},{"@type":"ImageObject","inLanguage":"en-US","@id":"https:\/\/leclosdelavigne.com\/produit\/argali-blanc-2022\/#primaryimage","url":"https:\/\/leclosdelavigne.com\/wp-content\/uploads\/2025\/03\/vin_argali_blanc.webp","contentUrl":"https:\/\/leclosdelavigne.com\/wp-content\/uploads\/2025\/03\/vin_argali_blanc.webp","width":650,"height":650},{"@type":"BreadcrumbList","@id":"https:\/\/leclosdelavigne.com\/produit\/argali-blanc-2022\/#breadcrumb","itemListElement":[{"@type":"ListItem","position":1,"name":"Accueil","item":"https:\/\/leclosdelavigne.com\/"},{"@type":"ListItem","position":2,"name":"Produits","item":"https:\/\/leclosdelavigne.com\/shop__trashed\/"},{"@type":"ListItem","position":3,"name":"ARGALI BLANC 2022"}]},{"@type":"WebSite","@id":"https:\/\/leclosdelavigne.com\/#website","url":"https:\/\/leclosdelavigne.com\/","name":"Le clos de la vigne","description":"R\u00e9sidence - H\u00e9bergement - Restauration","publisher":{"@id":"https:\/\/leclosdelavigne.com\/#organization"},"alternateName":"LeClosDeLaVigne","potentialAction":[{"@type":"SearchAction","target":{"@type":"EntryPoint","urlTemplate":"https:\/\/leclosdelavigne.com\/?s={search_term_string}"},"query-input":{"@type":"PropertyValueSpecification","valueRequired":true,"valueName":"search_term_string"}}],"inLanguage":"en-US"},{"@type":"Organization","@id":"https:\/\/leclosdelavigne.com\/#organization","name":"Le clos de la vigne","alternateName":"LeClosDeLaVigne","url":"https:\/\/leclosdelavigne.com\/","logo":{"@type":"ImageObject","inLanguage":"en-US","@id":"https:\/\/leclosdelavigne.com\/#\/schema\/logo\/image\/","url":"https:\/\/leclosdelavigne.com\/wp-content\/uploads\/2025\/04\/nv_logo_cdlv.jpeg","contentUrl":"https:\/\/leclosdelavigne.com\/wp-content\/uploads\/2025\/04\/nv_logo_cdlv.jpeg","width":834,"height":381,"caption":"Le clos de la vigne"},"image":{"@id":"https:\/\/leclosdelavigne.com\/#\/schema\/logo\/image\/"},"sameAs":["https:\/\/www.facebook.com\/share\/1AFxAqwxQt\/?mibextid=wwXIfr"]}]}},"_links":{"self":[{"href":"https:\/\/leclosdelavigne.com\/en\/wp-json\/wp\/v2\/product\/3046","targetHints":{"allow":["GET"]}}],"collection":[{"href":"https:\/\/leclosdelavigne.com\/en\/wp-json\/wp\/v2\/product"}],"about":[{"href":"https:\/\/leclosdelavigne.com\/en\/wp-json\/wp\/v2\/types\/product"}],"wp:featuredmedia":[{"embeddable":true,"href":"https:\/\/leclosdelavigne.com\/en\/wp-json\/wp\/v2\/media\/5676"}],"wp:attachment":[{"href":"https:\/\/leclosdelavigne.com\/en\/wp-json\/wp\/v2\/media?parent=3046"}],"wp:term":[{"taxonomy":"product_brand","embeddable":true,"href":"https:\/\/leclosdelavigne.com\/en\/wp-json\/wp\/v2\/product_brand?post=3046"},{"taxonomy":"product_cat","embeddable":true,"href":"https:\/\/leclosdelavigne.com\/en\/wp-json\/wp\/v2\/product_cat?post=3046"},{"taxonomy":"product_tag","embeddable":true,"href":"https:\/\/leclosdelavigne.com\/en\/wp-json\/wp\/v2\/product_tag?post=3046"}],"curies":[{"name":"wp","href":"https:\/\/api.w.org\/{rel}","templated":true}]}}