{"id":5753,"date":"2025-03-25T23:51:59","date_gmt":"2025-03-25T22:51:59","guid":{"rendered":"https:\/\/leclosdelavigne.com\/?post_type=product&#038;p=5753"},"modified":"2025-03-25T23:56:30","modified_gmt":"2025-03-25T22:56:30","slug":"prestige-blanc-2022","status":"publish","type":"product","link":"https:\/\/leclosdelavigne.com\/en\/product\/prestige-blanc-2022\/","title":{"rendered":"PRESTIGE BLANC 2022"},"content":{"rendered":"","protected":false},"excerpt":{"rendered":"<p>Sol : Argilo-calcaire Galets roul\u00e9s par le Rh\u00f4ne Au Quaternaire<br \/>\nBrillant et dor\u00e9, le nez apporte des notes de fruits \u00e0 chair blanche et de fleurs d&rsquo;acacia.<br \/>\nLa bouche est fraiche, harmonieuse avec une belle finale florale.<\/p>\n<p>Temp\u00e9rature de service conseill\u00e9e : 6-8\u00b0<br \/>\nPotentiel de garde : \u00e0 boire dans les 2\/3 ans<br \/>\nAlliances : ap\u00e9ritif, crustac\u00e9s, fruits de mer, risotto aux Saint Jacques, pintade..<\/p>","protected":false},"featured_media":5738,"template":"","meta":[],"product_brand":[],"product_cat":[15],"product_tag":[],"class_list":{"0":"post-5753","1":"product","2":"type-product","3":"status-publish","4":"has-post-thumbnail","6":"product_cat-vin-de-france","8":"first","9":"instock","10":"shipping-taxable","11":"purchasable","12":"product-type-simple"},"yoast_head":"<!-- This site is optimized with the Yoast SEO plugin v24.9 - https:\/\/yoast.com\/wordpress\/plugins\/seo\/ -->\n<title>PRESTIGE BLANC 2022 - Le clos de la vigne<\/title>\n<meta name=\"robots\" content=\"index, follow, max-snippet:-1, max-image-preview:large, max-video-preview:-1\" \/>\n<link rel=\"canonical\" href=\"https:\/\/leclosdelavigne.com\/en\/product\/prestige-blanc-2022\/\" \/>\n<meta property=\"og:locale\" content=\"en_US\" \/>\n<meta property=\"og:type\" content=\"article\" \/>\n<meta property=\"og:title\" content=\"PRESTIGE BLANC 2022 - Le clos de la vigne\" \/>\n<meta property=\"og:description\" content=\"Sol : Argilo-calcaire Galets roul\u00e9s par le Rh\u00f4ne Au Quaternaire Brillant et dor\u00e9, le nez apporte des notes de fruits \u00e0 chair blanche et de fleurs d&#039;acacia. La bouche est fraiche, harmonieuse avec une belle finale florale.  Temp\u00e9rature de service conseill\u00e9e : 6-8\u00b0 Potentiel de garde : \u00e0 boire dans les 2\/3 ans Alliances : ap\u00e9ritif, crustac\u00e9s, fruits de mer, risotto aux Saint Jacques, pintade..\" \/>\n<meta property=\"og:url\" content=\"https:\/\/leclosdelavigne.com\/en\/product\/prestige-blanc-2022\/\" \/>\n<meta property=\"og:site_name\" content=\"Le clos de la vigne\" \/>\n<meta property=\"article:publisher\" content=\"https:\/\/www.facebook.com\/share\/1AFxAqwxQt\/?mibextid=wwXIfr\" \/>\n<meta property=\"article:modified_time\" content=\"2025-03-25T22:56:30+00:00\" \/>\n<meta property=\"og:image\" content=\"https:\/\/leclosdelavigne.com\/wp-content\/uploads\/2025\/03\/prestige_blanc_2022.webp\" \/>\n\t<meta property=\"og:image:width\" content=\"650\" \/>\n\t<meta property=\"og:image:height\" content=\"650\" \/>\n\t<meta property=\"og:image:type\" content=\"image\/webp\" \/>\n<meta name=\"twitter:card\" content=\"summary_large_image\" \/>\n<script type=\"application\/ld+json\" class=\"yoast-schema-graph\">{\"@context\":\"https:\/\/schema.org\",\"@graph\":[{\"@type\":\"WebPage\",\"@id\":\"https:\/\/leclosdelavigne.com\/produit\/prestige-blanc-2022\/\",\"url\":\"https:\/\/leclosdelavigne.com\/produit\/prestige-blanc-2022\/\",\"name\":\"PRESTIGE BLANC 2022 - Le clos de la vigne\",\"isPartOf\":{\"@id\":\"https:\/\/leclosdelavigne.com\/#website\"},\"primaryImageOfPage\":{\"@id\":\"https:\/\/leclosdelavigne.com\/produit\/prestige-blanc-2022\/#primaryimage\"},\"image\":{\"@id\":\"https:\/\/leclosdelavigne.com\/produit\/prestige-blanc-2022\/#primaryimage\"},\"thumbnailUrl\":\"https:\/\/leclosdelavigne.com\/wp-content\/uploads\/2025\/03\/prestige_blanc_2022.webp\",\"datePublished\":\"2025-03-25T22:51:59+00:00\",\"dateModified\":\"2025-03-25T22:56:30+00:00\",\"breadcrumb\":{\"@id\":\"https:\/\/leclosdelavigne.com\/produit\/prestige-blanc-2022\/#breadcrumb\"},\"inLanguage\":\"en-US\",\"potentialAction\":[{\"@type\":\"ReadAction\",\"target\":[\"https:\/\/leclosdelavigne.com\/produit\/prestige-blanc-2022\/\"]}]},{\"@type\":\"ImageObject\",\"inLanguage\":\"en-US\",\"@id\":\"https:\/\/leclosdelavigne.com\/produit\/prestige-blanc-2022\/#primaryimage\",\"url\":\"https:\/\/leclosdelavigne.com\/wp-content\/uploads\/2025\/03\/prestige_blanc_2022.webp\",\"contentUrl\":\"https:\/\/leclosdelavigne.com\/wp-content\/uploads\/2025\/03\/prestige_blanc_2022.webp\",\"width\":650,\"height\":650},{\"@type\":\"BreadcrumbList\",\"@id\":\"https:\/\/leclosdelavigne.com\/produit\/prestige-blanc-2022\/#breadcrumb\",\"itemListElement\":[{\"@type\":\"ListItem\",\"position\":1,\"name\":\"Accueil\",\"item\":\"https:\/\/leclosdelavigne.com\/\"},{\"@type\":\"ListItem\",\"position\":2,\"name\":\"Produits\",\"item\":\"https:\/\/leclosdelavigne.com\/shop__trashed\/\"},{\"@type\":\"ListItem\",\"position\":3,\"name\":\"PRESTIGE BLANC 2022\"}]},{\"@type\":\"WebSite\",\"@id\":\"https:\/\/leclosdelavigne.com\/#website\",\"url\":\"https:\/\/leclosdelavigne.com\/\",\"name\":\"Le clos de la vigne\",\"description\":\"R\u00e9sidence - H\u00e9bergement - Restauration\",\"publisher\":{\"@id\":\"https:\/\/leclosdelavigne.com\/#organization\"},\"alternateName\":\"LeClosDeLaVigne\",\"potentialAction\":[{\"@type\":\"SearchAction\",\"target\":{\"@type\":\"EntryPoint\",\"urlTemplate\":\"https:\/\/leclosdelavigne.com\/?s={search_term_string}\"},\"query-input\":{\"@type\":\"PropertyValueSpecification\",\"valueRequired\":true,\"valueName\":\"search_term_string\"}}],\"inLanguage\":\"en-US\"},{\"@type\":\"Organization\",\"@id\":\"https:\/\/leclosdelavigne.com\/#organization\",\"name\":\"Le clos de la vigne\",\"alternateName\":\"LeClosDeLaVigne\",\"url\":\"https:\/\/leclosdelavigne.com\/\",\"logo\":{\"@type\":\"ImageObject\",\"inLanguage\":\"en-US\",\"@id\":\"https:\/\/leclosdelavigne.com\/#\/schema\/logo\/image\/\",\"url\":\"https:\/\/leclosdelavigne.com\/wp-content\/uploads\/2025\/04\/nv_logo_cdlv.jpeg\",\"contentUrl\":\"https:\/\/leclosdelavigne.com\/wp-content\/uploads\/2025\/04\/nv_logo_cdlv.jpeg\",\"width\":834,\"height\":381,\"caption\":\"Le clos de la vigne\"},\"image\":{\"@id\":\"https:\/\/leclosdelavigne.com\/#\/schema\/logo\/image\/\"},\"sameAs\":[\"https:\/\/www.facebook.com\/share\/1AFxAqwxQt\/?mibextid=wwXIfr\"]}]}<\/script>\n<!-- \/ Yoast SEO plugin. -->","yoast_head_json":{"title":"PRESTIGE BLANC 2022 - Le clos de la vigne","robots":{"index":"index","follow":"follow","max-snippet":"max-snippet:-1","max-image-preview":"max-image-preview:large","max-video-preview":"max-video-preview:-1"},"canonical":"https:\/\/leclosdelavigne.com\/en\/product\/prestige-blanc-2022\/","og_locale":"en_US","og_type":"article","og_title":"PRESTIGE BLANC 2022 - Le clos de la vigne","og_description":"Sol : Argilo-calcaire Galets roul\u00e9s par le Rh\u00f4ne Au Quaternaire Brillant et dor\u00e9, le nez apporte des notes de fruits \u00e0 chair blanche et de fleurs d'acacia. La bouche est fraiche, harmonieuse avec une belle finale florale.  Temp\u00e9rature de service conseill\u00e9e : 6-8\u00b0 Potentiel de garde : \u00e0 boire dans les 2\/3 ans Alliances : ap\u00e9ritif, crustac\u00e9s, fruits de mer, risotto aux Saint Jacques, pintade..","og_url":"https:\/\/leclosdelavigne.com\/en\/product\/prestige-blanc-2022\/","og_site_name":"Le clos de la vigne","article_publisher":"https:\/\/www.facebook.com\/share\/1AFxAqwxQt\/?mibextid=wwXIfr","article_modified_time":"2025-03-25T22:56:30+00:00","og_image":[{"width":650,"height":650,"url":"https:\/\/leclosdelavigne.com\/wp-content\/uploads\/2025\/03\/prestige_blanc_2022.webp","type":"image\/webp"}],"twitter_card":"summary_large_image","schema":{"@context":"https:\/\/schema.org","@graph":[{"@type":"WebPage","@id":"https:\/\/leclosdelavigne.com\/produit\/prestige-blanc-2022\/","url":"https:\/\/leclosdelavigne.com\/produit\/prestige-blanc-2022\/","name":"PRESTIGE BLANC 2022 - Le clos de la vigne","isPartOf":{"@id":"https:\/\/leclosdelavigne.com\/#website"},"primaryImageOfPage":{"@id":"https:\/\/leclosdelavigne.com\/produit\/prestige-blanc-2022\/#primaryimage"},"image":{"@id":"https:\/\/leclosdelavigne.com\/produit\/prestige-blanc-2022\/#primaryimage"},"thumbnailUrl":"https:\/\/leclosdelavigne.com\/wp-content\/uploads\/2025\/03\/prestige_blanc_2022.webp","datePublished":"2025-03-25T22:51:59+00:00","dateModified":"2025-03-25T22:56:30+00:00","breadcrumb":{"@id":"https:\/\/leclosdelavigne.com\/produit\/prestige-blanc-2022\/#breadcrumb"},"inLanguage":"en-US","potentialAction":[{"@type":"ReadAction","target":["https:\/\/leclosdelavigne.com\/produit\/prestige-blanc-2022\/"]}]},{"@type":"ImageObject","inLanguage":"en-US","@id":"https:\/\/leclosdelavigne.com\/produit\/prestige-blanc-2022\/#primaryimage","url":"https:\/\/leclosdelavigne.com\/wp-content\/uploads\/2025\/03\/prestige_blanc_2022.webp","contentUrl":"https:\/\/leclosdelavigne.com\/wp-content\/uploads\/2025\/03\/prestige_blanc_2022.webp","width":650,"height":650},{"@type":"BreadcrumbList","@id":"https:\/\/leclosdelavigne.com\/produit\/prestige-blanc-2022\/#breadcrumb","itemListElement":[{"@type":"ListItem","position":1,"name":"Accueil","item":"https:\/\/leclosdelavigne.com\/"},{"@type":"ListItem","position":2,"name":"Produits","item":"https:\/\/leclosdelavigne.com\/shop__trashed\/"},{"@type":"ListItem","position":3,"name":"PRESTIGE BLANC 2022"}]},{"@type":"WebSite","@id":"https:\/\/leclosdelavigne.com\/#website","url":"https:\/\/leclosdelavigne.com\/","name":"Le clos de la vigne","description":"R\u00e9sidence - H\u00e9bergement - Restauration","publisher":{"@id":"https:\/\/leclosdelavigne.com\/#organization"},"alternateName":"LeClosDeLaVigne","potentialAction":[{"@type":"SearchAction","target":{"@type":"EntryPoint","urlTemplate":"https:\/\/leclosdelavigne.com\/?s={search_term_string}"},"query-input":{"@type":"PropertyValueSpecification","valueRequired":true,"valueName":"search_term_string"}}],"inLanguage":"en-US"},{"@type":"Organization","@id":"https:\/\/leclosdelavigne.com\/#organization","name":"Le clos de la vigne","alternateName":"LeClosDeLaVigne","url":"https:\/\/leclosdelavigne.com\/","logo":{"@type":"ImageObject","inLanguage":"en-US","@id":"https:\/\/leclosdelavigne.com\/#\/schema\/logo\/image\/","url":"https:\/\/leclosdelavigne.com\/wp-content\/uploads\/2025\/04\/nv_logo_cdlv.jpeg","contentUrl":"https:\/\/leclosdelavigne.com\/wp-content\/uploads\/2025\/04\/nv_logo_cdlv.jpeg","width":834,"height":381,"caption":"Le clos de la vigne"},"image":{"@id":"https:\/\/leclosdelavigne.com\/#\/schema\/logo\/image\/"},"sameAs":["https:\/\/www.facebook.com\/share\/1AFxAqwxQt\/?mibextid=wwXIfr"]}]}},"_links":{"self":[{"href":"https:\/\/leclosdelavigne.com\/en\/wp-json\/wp\/v2\/product\/5753","targetHints":{"allow":["GET"]}}],"collection":[{"href":"https:\/\/leclosdelavigne.com\/en\/wp-json\/wp\/v2\/product"}],"about":[{"href":"https:\/\/leclosdelavigne.com\/en\/wp-json\/wp\/v2\/types\/product"}],"wp:featuredmedia":[{"embeddable":true,"href":"https:\/\/leclosdelavigne.com\/en\/wp-json\/wp\/v2\/media\/5738"}],"wp:attachment":[{"href":"https:\/\/leclosdelavigne.com\/en\/wp-json\/wp\/v2\/media?parent=5753"}],"wp:term":[{"taxonomy":"product_brand","embeddable":true,"href":"https:\/\/leclosdelavigne.com\/en\/wp-json\/wp\/v2\/product_brand?post=5753"},{"taxonomy":"product_cat","embeddable":true,"href":"https:\/\/leclosdelavigne.com\/en\/wp-json\/wp\/v2\/product_cat?post=5753"},{"taxonomy":"product_tag","embeddable":true,"href":"https:\/\/leclosdelavigne.com\/en\/wp-json\/wp\/v2\/product_tag?post=5753"}],"curies":[{"name":"wp","href":"https:\/\/api.w.org\/{rel}","templated":true}]}}