{"id":5755,"date":"2025-03-26T00:16:34","date_gmt":"2025-03-25T23:16:34","guid":{"rendered":"https:\/\/leclosdelavigne.com\/?post_type=product&#038;p=5755"},"modified":"2025-03-27T04:45:05","modified_gmt":"2025-03-27T03:45:05","slug":"tete-de-belier-2021","status":"publish","type":"product","link":"https:\/\/leclosdelavigne.com\/en\/product\/tete-de-belier-2021\/","title":{"rendered":"T\u00caTE DE B\u00c9LIER 2021"},"content":{"rendered":"","protected":false},"excerpt":{"rendered":"<p>Sol : Argilo-calcaire Galets roul\u00e9s par le Rh\u00f4ne Au Quaternaire<\/p>\n<p>Robe grenat sombre et profonde aux reflets violines, marqu\u00e9 par un nez de fruits noirs m\u00fbrs (m\u00fbre, cassis), de garrigues (cade, ciste) soutenu par un bois\u00e9 puissant et \u00e9l\u00e9gant.<br \/>\nLa bouche, intense et g\u00e9n\u00e9reuse, d\u00e9veloppe une belle palette aromatique (fruits rouges et noirs, \u00e9pices douces, pain grill\u00e9&#8230;) avec des tanins fondus et patin\u00e9s.<\/p>","protected":false},"featured_media":5736,"template":"","meta":[],"product_brand":[],"product_cat":[15],"product_tag":[],"class_list":{"0":"post-5755","1":"product","2":"type-product","3":"status-publish","4":"has-post-thumbnail","6":"product_cat-vin-de-france","8":"first","9":"instock","10":"shipping-taxable","11":"purchasable","12":"product-type-simple"},"yoast_head":"<!-- This site is optimized with the Yoast SEO plugin v24.9 - https:\/\/yoast.com\/wordpress\/plugins\/seo\/ -->\n<title>T\u00caTE DE B\u00c9LIER 2021 - Le clos de la vigne<\/title>\n<meta name=\"robots\" content=\"index, follow, max-snippet:-1, max-image-preview:large, max-video-preview:-1\" \/>\n<link rel=\"canonical\" href=\"https:\/\/leclosdelavigne.com\/en\/product\/tete-de-belier-2021\/\" \/>\n<meta property=\"og:locale\" content=\"en_US\" \/>\n<meta property=\"og:type\" content=\"article\" \/>\n<meta property=\"og:title\" content=\"T\u00caTE DE B\u00c9LIER 2021 - Le clos de la vigne\" \/>\n<meta property=\"og:description\" content=\"Sol : Argilo-calcaire Galets roul\u00e9s par le Rh\u00f4ne Au Quaternaire  Robe grenat sombre et profonde aux reflets violines, marqu\u00e9 par un nez de fruits noirs m\u00fbrs (m\u00fbre, cassis), de garrigues (cade, ciste) soutenu par un bois\u00e9 puissant et \u00e9l\u00e9gant. La bouche, intense et g\u00e9n\u00e9reuse, d\u00e9veloppe une belle palette aromatique (fruits rouges et noirs, \u00e9pices douces, pain grill\u00e9...) avec des tanins fondus et patin\u00e9s.\" \/>\n<meta property=\"og:url\" content=\"https:\/\/leclosdelavigne.com\/en\/product\/tete-de-belier-2021\/\" \/>\n<meta property=\"og:site_name\" content=\"Le clos de la vigne\" \/>\n<meta property=\"article:publisher\" content=\"https:\/\/www.facebook.com\/share\/1AFxAqwxQt\/?mibextid=wwXIfr\" \/>\n<meta property=\"article:modified_time\" content=\"2025-03-27T03:45:05+00:00\" \/>\n<meta property=\"og:image\" content=\"https:\/\/leclosdelavigne.com\/wp-content\/uploads\/2025\/03\/tb_2021.webp\" \/>\n\t<meta property=\"og:image:width\" content=\"650\" \/>\n\t<meta property=\"og:image:height\" content=\"650\" \/>\n\t<meta property=\"og:image:type\" content=\"image\/webp\" \/>\n<meta name=\"twitter:card\" content=\"summary_large_image\" \/>\n<script type=\"application\/ld+json\" class=\"yoast-schema-graph\">{\"@context\":\"https:\/\/schema.org\",\"@graph\":[{\"@type\":\"WebPage\",\"@id\":\"https:\/\/leclosdelavigne.com\/produit\/tete-de-belier-2021\/\",\"url\":\"https:\/\/leclosdelavigne.com\/produit\/tete-de-belier-2021\/\",\"name\":\"T\u00caTE DE B\u00c9LIER 2021 - Le clos de la vigne\",\"isPartOf\":{\"@id\":\"https:\/\/leclosdelavigne.com\/#website\"},\"primaryImageOfPage\":{\"@id\":\"https:\/\/leclosdelavigne.com\/produit\/tete-de-belier-2021\/#primaryimage\"},\"image\":{\"@id\":\"https:\/\/leclosdelavigne.com\/produit\/tete-de-belier-2021\/#primaryimage\"},\"thumbnailUrl\":\"https:\/\/leclosdelavigne.com\/wp-content\/uploads\/2025\/03\/tb_2021.webp\",\"datePublished\":\"2025-03-25T23:16:34+00:00\",\"dateModified\":\"2025-03-27T03:45:05+00:00\",\"breadcrumb\":{\"@id\":\"https:\/\/leclosdelavigne.com\/produit\/tete-de-belier-2021\/#breadcrumb\"},\"inLanguage\":\"en-US\",\"potentialAction\":[{\"@type\":\"ReadAction\",\"target\":[\"https:\/\/leclosdelavigne.com\/produit\/tete-de-belier-2021\/\"]}]},{\"@type\":\"ImageObject\",\"inLanguage\":\"en-US\",\"@id\":\"https:\/\/leclosdelavigne.com\/produit\/tete-de-belier-2021\/#primaryimage\",\"url\":\"https:\/\/leclosdelavigne.com\/wp-content\/uploads\/2025\/03\/tb_2021.webp\",\"contentUrl\":\"https:\/\/leclosdelavigne.com\/wp-content\/uploads\/2025\/03\/tb_2021.webp\",\"width\":650,\"height\":650},{\"@type\":\"BreadcrumbList\",\"@id\":\"https:\/\/leclosdelavigne.com\/produit\/tete-de-belier-2021\/#breadcrumb\",\"itemListElement\":[{\"@type\":\"ListItem\",\"position\":1,\"name\":\"Accueil\",\"item\":\"https:\/\/leclosdelavigne.com\/\"},{\"@type\":\"ListItem\",\"position\":2,\"name\":\"Produits\",\"item\":\"https:\/\/leclosdelavigne.com\/shop__trashed\/\"},{\"@type\":\"ListItem\",\"position\":3,\"name\":\"T\u00caTE DE B\u00c9LIER 2021\"}]},{\"@type\":\"WebSite\",\"@id\":\"https:\/\/leclosdelavigne.com\/#website\",\"url\":\"https:\/\/leclosdelavigne.com\/\",\"name\":\"Le clos de la vigne\",\"description\":\"R\u00e9sidence - H\u00e9bergement - Restauration\",\"publisher\":{\"@id\":\"https:\/\/leclosdelavigne.com\/#organization\"},\"alternateName\":\"LeClosDeLaVigne\",\"potentialAction\":[{\"@type\":\"SearchAction\",\"target\":{\"@type\":\"EntryPoint\",\"urlTemplate\":\"https:\/\/leclosdelavigne.com\/?s={search_term_string}\"},\"query-input\":{\"@type\":\"PropertyValueSpecification\",\"valueRequired\":true,\"valueName\":\"search_term_string\"}}],\"inLanguage\":\"en-US\"},{\"@type\":\"Organization\",\"@id\":\"https:\/\/leclosdelavigne.com\/#organization\",\"name\":\"Le clos de la vigne\",\"alternateName\":\"LeClosDeLaVigne\",\"url\":\"https:\/\/leclosdelavigne.com\/\",\"logo\":{\"@type\":\"ImageObject\",\"inLanguage\":\"en-US\",\"@id\":\"https:\/\/leclosdelavigne.com\/#\/schema\/logo\/image\/\",\"url\":\"https:\/\/leclosdelavigne.com\/wp-content\/uploads\/2025\/04\/nv_logo_cdlv.jpeg\",\"contentUrl\":\"https:\/\/leclosdelavigne.com\/wp-content\/uploads\/2025\/04\/nv_logo_cdlv.jpeg\",\"width\":834,\"height\":381,\"caption\":\"Le clos de la vigne\"},\"image\":{\"@id\":\"https:\/\/leclosdelavigne.com\/#\/schema\/logo\/image\/\"},\"sameAs\":[\"https:\/\/www.facebook.com\/share\/1AFxAqwxQt\/?mibextid=wwXIfr\"]}]}<\/script>\n<!-- \/ Yoast SEO plugin. -->","yoast_head_json":{"title":"T\u00caTE DE B\u00c9LIER 2021 - Le clos de la vigne","robots":{"index":"index","follow":"follow","max-snippet":"max-snippet:-1","max-image-preview":"max-image-preview:large","max-video-preview":"max-video-preview:-1"},"canonical":"https:\/\/leclosdelavigne.com\/en\/product\/tete-de-belier-2021\/","og_locale":"en_US","og_type":"article","og_title":"T\u00caTE DE B\u00c9LIER 2021 - Le clos de la vigne","og_description":"Sol : Argilo-calcaire Galets roul\u00e9s par le Rh\u00f4ne Au Quaternaire  Robe grenat sombre et profonde aux reflets violines, marqu\u00e9 par un nez de fruits noirs m\u00fbrs (m\u00fbre, cassis), de garrigues (cade, ciste) soutenu par un bois\u00e9 puissant et \u00e9l\u00e9gant. La bouche, intense et g\u00e9n\u00e9reuse, d\u00e9veloppe une belle palette aromatique (fruits rouges et noirs, \u00e9pices douces, pain grill\u00e9...) avec des tanins fondus et patin\u00e9s.","og_url":"https:\/\/leclosdelavigne.com\/en\/product\/tete-de-belier-2021\/","og_site_name":"Le clos de la vigne","article_publisher":"https:\/\/www.facebook.com\/share\/1AFxAqwxQt\/?mibextid=wwXIfr","article_modified_time":"2025-03-27T03:45:05+00:00","og_image":[{"width":650,"height":650,"url":"https:\/\/leclosdelavigne.com\/wp-content\/uploads\/2025\/03\/tb_2021.webp","type":"image\/webp"}],"twitter_card":"summary_large_image","schema":{"@context":"https:\/\/schema.org","@graph":[{"@type":"WebPage","@id":"https:\/\/leclosdelavigne.com\/produit\/tete-de-belier-2021\/","url":"https:\/\/leclosdelavigne.com\/produit\/tete-de-belier-2021\/","name":"T\u00caTE DE B\u00c9LIER 2021 - Le clos de la vigne","isPartOf":{"@id":"https:\/\/leclosdelavigne.com\/#website"},"primaryImageOfPage":{"@id":"https:\/\/leclosdelavigne.com\/produit\/tete-de-belier-2021\/#primaryimage"},"image":{"@id":"https:\/\/leclosdelavigne.com\/produit\/tete-de-belier-2021\/#primaryimage"},"thumbnailUrl":"https:\/\/leclosdelavigne.com\/wp-content\/uploads\/2025\/03\/tb_2021.webp","datePublished":"2025-03-25T23:16:34+00:00","dateModified":"2025-03-27T03:45:05+00:00","breadcrumb":{"@id":"https:\/\/leclosdelavigne.com\/produit\/tete-de-belier-2021\/#breadcrumb"},"inLanguage":"en-US","potentialAction":[{"@type":"ReadAction","target":["https:\/\/leclosdelavigne.com\/produit\/tete-de-belier-2021\/"]}]},{"@type":"ImageObject","inLanguage":"en-US","@id":"https:\/\/leclosdelavigne.com\/produit\/tete-de-belier-2021\/#primaryimage","url":"https:\/\/leclosdelavigne.com\/wp-content\/uploads\/2025\/03\/tb_2021.webp","contentUrl":"https:\/\/leclosdelavigne.com\/wp-content\/uploads\/2025\/03\/tb_2021.webp","width":650,"height":650},{"@type":"BreadcrumbList","@id":"https:\/\/leclosdelavigne.com\/produit\/tete-de-belier-2021\/#breadcrumb","itemListElement":[{"@type":"ListItem","position":1,"name":"Accueil","item":"https:\/\/leclosdelavigne.com\/"},{"@type":"ListItem","position":2,"name":"Produits","item":"https:\/\/leclosdelavigne.com\/shop__trashed\/"},{"@type":"ListItem","position":3,"name":"T\u00caTE DE B\u00c9LIER 2021"}]},{"@type":"WebSite","@id":"https:\/\/leclosdelavigne.com\/#website","url":"https:\/\/leclosdelavigne.com\/","name":"Le clos de la vigne","description":"R\u00e9sidence - H\u00e9bergement - Restauration","publisher":{"@id":"https:\/\/leclosdelavigne.com\/#organization"},"alternateName":"LeClosDeLaVigne","potentialAction":[{"@type":"SearchAction","target":{"@type":"EntryPoint","urlTemplate":"https:\/\/leclosdelavigne.com\/?s={search_term_string}"},"query-input":{"@type":"PropertyValueSpecification","valueRequired":true,"valueName":"search_term_string"}}],"inLanguage":"en-US"},{"@type":"Organization","@id":"https:\/\/leclosdelavigne.com\/#organization","name":"Le clos de la vigne","alternateName":"LeClosDeLaVigne","url":"https:\/\/leclosdelavigne.com\/","logo":{"@type":"ImageObject","inLanguage":"en-US","@id":"https:\/\/leclosdelavigne.com\/#\/schema\/logo\/image\/","url":"https:\/\/leclosdelavigne.com\/wp-content\/uploads\/2025\/04\/nv_logo_cdlv.jpeg","contentUrl":"https:\/\/leclosdelavigne.com\/wp-content\/uploads\/2025\/04\/nv_logo_cdlv.jpeg","width":834,"height":381,"caption":"Le clos de la vigne"},"image":{"@id":"https:\/\/leclosdelavigne.com\/#\/schema\/logo\/image\/"},"sameAs":["https:\/\/www.facebook.com\/share\/1AFxAqwxQt\/?mibextid=wwXIfr"]}]}},"_links":{"self":[{"href":"https:\/\/leclosdelavigne.com\/en\/wp-json\/wp\/v2\/product\/5755","targetHints":{"allow":["GET"]}}],"collection":[{"href":"https:\/\/leclosdelavigne.com\/en\/wp-json\/wp\/v2\/product"}],"about":[{"href":"https:\/\/leclosdelavigne.com\/en\/wp-json\/wp\/v2\/types\/product"}],"wp:featuredmedia":[{"embeddable":true,"href":"https:\/\/leclosdelavigne.com\/en\/wp-json\/wp\/v2\/media\/5736"}],"wp:attachment":[{"href":"https:\/\/leclosdelavigne.com\/en\/wp-json\/wp\/v2\/media?parent=5755"}],"wp:term":[{"taxonomy":"product_brand","embeddable":true,"href":"https:\/\/leclosdelavigne.com\/en\/wp-json\/wp\/v2\/product_brand?post=5755"},{"taxonomy":"product_cat","embeddable":true,"href":"https:\/\/leclosdelavigne.com\/en\/wp-json\/wp\/v2\/product_cat?post=5755"},{"taxonomy":"product_tag","embeddable":true,"href":"https:\/\/leclosdelavigne.com\/en\/wp-json\/wp\/v2\/product_tag?post=5755"}],"curies":[{"name":"wp","href":"https:\/\/api.w.org\/{rel}","templated":true}]}}